{"id":2745,"date":"2019-02-10T08:16:00","date_gmt":"2019-02-10T08:16:00","guid":{"rendered":"https:\/\/maranatha-conversion.com\/?page_id=2745"},"modified":"2019-02-21T00:08:24","modified_gmt":"2019-02-20T23:08:24","slug":"unsere-mission","status":"publish","type":"page","link":"https:\/\/maranatha-conversion.com\/de\/unsere-mission\/","title":{"rendered":"Unsere mission"},"content":{"rendered":"<p><div class=\"fusion-fullwidth fullwidth-box fusion-builder-row-1 fusion-flex-container nonhundred-percent-fullwidth non-hundred-percent-height-scrolling\" style=\"--awb-border-radius-top-left:0px;--awb-border-radius-top-right:0px;--awb-border-radius-bottom-right:0px;--awb-border-radius-bottom-left:0px;--awb-background-color:#dca960;--awb-flex-wrap:wrap;\" id=\"page-header\" ><div class=\"fusion-builder-row fusion-row fusion-flex-align-items-flex-start fusion-flex-content-wrap\" style=\"max-width:calc( 1260px + 0px );margin-left: calc(-0px \/ 2 );margin-right: calc(-0px \/ 2 );\"><div class=\"fusion-layout-column fusion_builder_column fusion-builder-column-0 fusion_builder_column_1_1 1_1 fusion-flex-column\" style=\"--awb-bg-size:cover;--awb-width-large:100%;--awb-margin-top-large:0px;--awb-spacing-right-large:0px;--awb-margin-bottom-large:20px;--awb-spacing-left-large:0px;--awb-width-medium:100%;--awb-spacing-right-medium:0px;--awb-spacing-left-medium:0px;--awb-width-small:100%;--awb-spacing-right-small:0px;--awb-spacing-left-small:0px;\"><div class=\"fusion-column-wrapper fusion-flex-justify-content-flex-start fusion-content-layout-column\"><div class=\"fusion-separator fusion-full-width-sep\" style=\"align-self: center;margin-left: auto;margin-right: auto;margin-top:20px;width:100%;\"><\/div><div class=\"fusion-title title fusion-title-1 fusion-sep-none fusion-title-center fusion-title-text fusion-title-size-one\" id=\"page-title\"><h1 class=\"fusion-title-heading title-heading-center fusion-responsive-typography-calculated\" style=\"margin:0;--fontSize:34;line-height:1.4;\">Unsere mission<\/h1><\/div><\/div><\/div><\/div><\/div><div class=\"fusion-fullwidth fullwidth-box fusion-builder-row-2 fusion-flex-container nonhundred-percent-fullwidth non-hundred-percent-height-scrolling\" style=\"--awb-border-radius-top-left:0px;--awb-border-radius-top-right:0px;--awb-border-radius-bottom-right:0px;--awb-border-radius-bottom-left:0px;--awb-flex-wrap:wrap;\" ><div class=\"fusion-builder-row fusion-row fusion-flex-align-items-flex-start fusion-flex-content-wrap\" style=\"max-width:calc( 1260px + 0px );margin-left: calc(-0px \/ 2 );margin-right: calc(-0px \/ 2 );\"><div class=\"fusion-layout-column fusion_builder_column fusion-builder-column-1 fusion_builder_column_1_1 1_1 fusion-flex-column\" style=\"--awb-bg-size:cover;--awb-width-large:100%;--awb-margin-top-large:0px;--awb-spacing-right-large:0px;--awb-margin-bottom-large:0px;--awb-spacing-left-large:0px;--awb-width-medium:100%;--awb-spacing-right-medium:0px;--awb-spacing-left-medium:0px;--awb-width-small:100%;--awb-spacing-right-small:0px;--awb-spacing-left-small:0px;\"><div class=\"fusion-column-wrapper fusion-flex-justify-content-flex-start fusion-content-layout-column\"><div class=\"fusion-separator fusion-full-width-sep\" style=\"align-self: center;margin-left: auto;margin-right: auto;margin-top:50px;width:100%;\"><\/div><div class=\"fusion-text fusion-text-1\"><p><strong>Ein Aufruf zur Zusammenarbeit zwischen allen Menschen guten Willens, unabh\u00e4ngig von ihren spirituellen Traditionen, um f\u00fcr die Heilung des menschlichen Herzens, die Heilung der Welt einzutreten.<\/strong><\/p>\n<p>Wie k\u00f6nnen wir das B\u00f6se um uns herum \u00fcberwinden? Wie k\u00f6nnen wir diese Dunkelheit vertreiben, die sich manchmal in unseren eigenen Herzen verbirgt und von der wir oft nichts wissen? Wie k\u00f6nnen wir anfangen, das Gute zu werden, von dem wir tr\u00e4umen, dass es sich in der Welt etabliert? Wie k\u00f6nnen wir aufh\u00f6ren, unsere K\u00f6pfe zu beugen und uns angesichts des B\u00f6sen, das sich ausbreitet, das voranschreitet, um die Welt zu beherrschen und zu zerst\u00f6ren, machtlos zu f\u00fchlen? Es gibt eine Dringlichkeit, wir k\u00f6nnen nicht mehr so tun, als w\u00fcrde sich alles von selbst l\u00f6sen. Aber wie k\u00f6nnen wir dann Wege finden, das, was uns Papst Franziskus vorschl\u00e4gt &#8211; und auch das, was fr\u00fchere P\u00e4pste immer als L\u00f6sungen vorgeschlagen haben, umzusetzen?<\/p>\n<p>Alles, was sch\u00f6n ist und im Sichtbaren existiert, wird zuerst im Unsichtbaren geboren, in Form einer Idee, eines Gebets, eines Traums&#8230;. Diese Art 3.Weltkrieg in kleinen St\u00fccken, den wir heute leben und von dem Papst Franziskus spricht, wird auch im Unsichtbaren geboren, bevor er diese Verw\u00fcstungen in der sichtbaren Welt verursacht. Wir haben zugelassen, dass eine Zivilisation des Todes die Suche nach einer Zivilisation der Liebe ersetzt. Wir befinden uns eindeutig in einem Krieg auf geistiger Ebene, und wir m\u00fcssen Wege finden, damit umzugehen, mit geistigen Waffen, den einzigen, die wirklich effektiv sein werden. Jetzt, da das Problem auf der globalen Ebene liegt, m\u00fcssen wir kreativ sein und Wege finden, um auf der globalen Ebene zu reagieren.<\/p>\n<p>Lasst uns aufwachen, lasst uns treffen, lasst uns Wege finden, um regelm\u00e4\u00dfig alle M\u00e4nner und Frauen guten Willens zusammenzubringen, unabh\u00e4ngig von unseren religi\u00f6sen Traditionen! Lasst uns st\u00e4rker sein als das B\u00f6se, das nicht nur das Leben auf unserem Planeten zerst\u00f6ren will, sondern auch den Planeten selbst! Lasst uns unsere Posaunen aus Jericho herausholen und uns unerm\u00fcdlich versammeln, um die vom B\u00f6sen errichteten Mauern niederzurei\u00dfen! Haben wir keine Angst vor dem anderen, haben wir keine Angst, L\u00f6sungen zu suchen, indem wir unsere Herzen im Gebet vereinen, was auch immer ihr Ausdruck f\u00fcr uns sein mag, indem wir f\u00fcr die Heilung des menschlichen Herzens, die Heilung der Menschheit eintreten! Haben wir keine Angst, die Liebe zu suchen und zu teilen, f\u00fcr die wir geschaffen wurden und die der Zweck aller Existenz ist!<\/p>\n<p>Vergessen wir nicht, dass wir alle verschieden sind und die W\u00fcrde des religi\u00f6sen Ausdrucks aller Bewohner der Welt respektieren! Es steht au\u00dfer Frage, dass eine synkretistische Bewegung vorschl\u00e4gt, nur eine einzige Weltreligion zu haben, dies w\u00e4re das genaue Gegenteil des gew\u00fcnschten Ansatzes. Wichtig ist, dass alle auf eine pers\u00f6nliche Reise zur &#8220;Begegnung mit der Liebe Gottes&#8221; gehen, denn sie erm\u00f6glicht es uns, Augen und Herzen zu \u00f6ffnen und konkrete L\u00f6sungen zu finden, Projekte, an denen alle Menschen guten Willens, die sich dazu berufen f\u00fchlen, zusammenarbeiten werden.<\/p>\n<p>Wir m\u00fcssen versuchen, die kritische Masse zu erreichen, die notwendig sein wird, um das Gleichgewicht in Richtung des Guten zu verlagern, um f\u00fcr immer zu vernichten, was das Leben in all seinen Formen zerst\u00f6rt. Das ist unser grundlegendes Ziel. Wir sind \u00fcberzeugt, dass dies m\u00f6glich ist, wir sind uns des Wahnsinns und der Schwierigkeiten des Unternehmens bewusst, aber wir sind uns auch bewusst, dass es, wenn wir nichts tun, keine L\u00f6sung geben wird, die von selbst auftauchen wird. Die L\u00f6sungen werden erst kommen, wenn die Menschen, die gr\u00f6\u00dfte Zahl von Menschen auf dem Planeten, sich endlich bewusst werden, dass die einzigen Waffen, die die Dunkelheit, die in uns eindringt, besiegen werden, spirituelle Waffen sind; dass diese spirituellen Waffen in ihren H\u00e4nden sind, in ihren eigenen Herzen&#8230; und nicht in den H\u00e4nden von F\u00fchrern, die alles versprechen, aber machtlos sind, L\u00f6sungen zu finden, oder die allzu oft immer mehr destruktive Initiativen vorschlagen.<\/p>\n<p>Wir respektieren die religi\u00f6se Identit\u00e4t jedes Gl\u00e4ubigen im Herzen aller Religionen der Welt und rufen euch auf, gemeinsam eine Welt aufzubauen, in der Glaube, Hoffnung und Liebe herrschen.<\/p>\n<p>Vereinen wir uns im Herzen, vereinen wir uns geistig! Schlie\u00dfen Sie sich uns in einer bestehenden Gruppe an! Oder starten Sie einen &#8220;Maranathon&#8221; mit Freunden und Familie in einem spirituellen Zentrum in Ihrer N\u00e4he!<\/p>\n<p>Lasst uns aufwachen, engagieren wir uns!<\/p>\n<p><em>\u00ab Deshalb sage ich euch: Was immer ihr im Gebet bittet, glaubt, dass ihr es bereits empfangen habt und es euch gew\u00e4hrt wird.\u00a0\u00bb Markus 11,24<\/em><\/p>\n<p style=\"text-align: right;\"><em>Sabrina Covic Radojicic<\/em><\/p>\n<p><div class=\"fusion-fullwidth fullwidth-box fusion-builder-row-2-1 fusion-flex-container nonhundred-percent-fullwidth non-hundred-percent-height-scrolling\" style=\"--awb-border-radius-top-left:0px;--awb-border-radius-top-right:0px;--awb-border-radius-bottom-right:0px;--awb-border-radius-bottom-left:0px;--awb-flex-wrap:wrap;\" ><\/div><div class=\"fusion-builder-row fusion-row fusion-flex-align-items-flex-start fusion-flex-content-wrap\" style=\"max-width:calc( 1260px + 0px );margin-left: calc(-0px \/ 2 );margin-right: calc(-0px \/ 2 );\"><\/div><\/p>\n<\/div><\/div><\/div><\/div><\/div><div class=\"fusion-fullwidth fullwidth-box fusion-builder-row-3 fusion-flex-container nonhundred-percent-fullwidth non-hundred-percent-height-scrolling\" style=\"--awb-border-radius-top-left:0px;--awb-border-radius-top-right:0px;--awb-border-radius-bottom-right:0px;--awb-border-radius-bottom-left:0px;--awb-flex-wrap:wrap;\" ><div class=\"fusion-builder-row fusion-row fusion-flex-align-items-flex-start fusion-flex-content-wrap\" style=\"max-width:calc( 1260px + 0px );margin-left: calc(-0px \/ 2 );margin-right: calc(-0px \/ 2 );\"><div class=\"fusion-layout-column fusion_builder_column fusion-builder-column-2 fusion_builder_column_1_1 1_1 fusion-flex-column\" style=\"--awb-bg-size:cover;--awb-width-large:100%;--awb-margin-top-large:0px;--awb-spacing-right-large:0px;--awb-margin-bottom-large:0px;--awb-spacing-left-large:0px;--awb-width-medium:100%;--awb-spacing-right-medium:0px;--awb-spacing-left-medium:0px;--awb-width-small:100%;--awb-spacing-right-small:0px;--awb-spacing-left-small:0px;\"><div class=\"fusion-column-wrapper fusion-flex-justify-content-flex-start fusion-content-layout-column\"><\/div><\/div><\/div><\/div><div class=\"fusion-fullwidth fullwidth-box fusion-builder-row-4 fusion-flex-container nonhundred-percent-fullwidth non-hundred-percent-height-scrolling\" style=\"--awb-border-radius-top-left:0px;--awb-border-radius-top-right:0px;--awb-border-radius-bottom-right:0px;--awb-border-radius-bottom-left:0px;--awb-flex-wrap:wrap;\" ><div class=\"fusion-builder-row fusion-row fusion-flex-align-items-flex-start fusion-flex-content-wrap\" style=\"max-width:1310.4px;margin-left: calc(-4% \/ 2 );margin-right: calc(-4% \/ 2 );\"><div class=\"fusion-layout-column fusion_builder_column fusion-builder-column-3 fusion_builder_column_1_1 1_1 fusion-flex-column\" style=\"--awb-bg-size:cover;--awb-width-large:100%;--awb-margin-top-large:0px;--awb-spacing-right-large:1.92%;--awb-margin-bottom-large:0px;--awb-spacing-left-large:1.92%;--awb-width-medium:100%;--awb-spacing-right-medium:1.92%;--awb-spacing-left-medium:1.92%;--awb-width-small:100%;--awb-spacing-right-small:1.92%;--awb-spacing-left-small:1.92%;\"><div class=\"fusion-column-wrapper fusion-flex-justify-content-flex-start fusion-content-layout-column\"><div class=\"fusion-content-boxes content-boxes columns row fusion-columns-3 fusion-columns-total-3 fusion-content-boxes-1 content-boxes-icon-on-top content-left\" style=\"--awb-iconcolor:#dca960;--awb-hover-accent-color:#dca960;--awb-circle-hover-accent-color:transparent;\" data-animationOffset=\"top-into-view\"><div style=\"--awb-backgroundcolor:rgba(255,255,255,0);--awb-iconcolor:#dca960;\" class=\"fusion-column content-box-column content-box-column content-box-column-1 col-lg-4 col-md-4 col-sm-4 fusion-content-box-hover content-box-column-first-in-row\"><div class=\"col content-box-wrapper content-wrapper link-area-box link-type-text icon-hover-animation-fade\" data-link=\"notre-mission\/\" data-link-target=\"_self\" data-animationOffset=\"top-into-view\"><div class=\"heading heading-with-icon icon-left\"><a class=\"heading-link\" href=\"notre-mission\/\" target=\"_self\"><div class=\"icon\"><i style=\"border-color:rgba(255,255,255,0);border-width:0px;background-color:rgba(255,255,255,0);box-sizing:content-box;height:72px;width:72px;line-height:72px;border-radius:50%;font-size:36px;\" aria-hidden=\"true\" class=\"fontawesome-icon fa-child fas circle-yes\"><\/i><\/div><h2 class=\"content-box-heading fusion-responsive-typography-calculated\" style=\"--h2_typography-font-size:24px;--fontSize:24;line-height:1.3;\">Unsere mission<\/h2><\/a><\/div><\/div><\/div><div style=\"--awb-backgroundcolor:rgba(255,255,255,0);--awb-iconcolor:#dca960;\" class=\"fusion-column content-box-column content-box-column content-box-column-2 col-lg-4 col-md-4 col-sm-4 fusion-content-box-hover \"><div class=\"col content-box-wrapper content-wrapper link-area-box link-type-text icon-hover-animation-fade\" data-link=\"les-maranathons\/\" data-link-target=\"_self\" data-animationOffset=\"top-into-view\"><div class=\"heading heading-with-icon icon-left\"><a class=\"heading-link\" href=\"les-maranathons\/\" target=\"_self\"><div class=\"icon\"><i style=\"border-color:rgba(255,255,255,0);border-width:0px;background-color:rgba(255,255,255,0);box-sizing:content-box;height:72px;width:72px;line-height:72px;border-radius:50%;font-size:36px;\" aria-hidden=\"true\" class=\"fontawesome-icon fa-globe-americas fas circle-yes\"><\/i><\/div><h2 class=\"content-box-heading fusion-responsive-typography-calculated\" style=\"--h2_typography-font-size:24px;--fontSize:24;line-height:1.3;\">Die Maranathons<\/h2><\/a><\/div><\/div><\/div><div style=\"--awb-backgroundcolor:rgba(255,255,255,0);--awb-iconcolor:#dca960;\" class=\"fusion-column content-box-column content-box-column content-box-column-3 col-lg-4 col-md-4 col-sm-4 fusion-content-box-hover content-box-column-last content-box-column-last-in-row\"><div class=\"col content-box-wrapper content-wrapper link-area-box link-type-text icon-hover-animation-fade\" data-link=\"nous-soutenir\/\" data-link-target=\"_self\" data-animationOffset=\"top-into-view\"><div class=\"heading heading-with-icon icon-left\"><a class=\"heading-link\" href=\"nous-soutenir\/\" target=\"_self\"><div class=\"icon\"><i style=\"border-color:rgba(255,255,255,0);border-width:0px;background-color:rgba(255,255,255,0);box-sizing:content-box;height:72px;width:72px;line-height:72px;border-radius:50%;font-size:36px;\" aria-hidden=\"true\" class=\"fontawesome-icon fa-envira fab circle-yes\"><\/i><\/div><h2 class=\"content-box-heading fusion-responsive-typography-calculated\" style=\"--h2_typography-font-size:24px;--fontSize:24;line-height:1.3;\">Unterst\u00fctzen sie uns<\/h2><\/a><\/div><\/div><\/div><div class=\"fusion-clearfix\"><\/div><\/div><\/div><\/div><\/div><\/div>\n<\/p>\n","protected":false},"excerpt":{"rendered":"","protected":false},"author":2,"featured_media":0,"parent":0,"menu_order":0,"comment_status":"closed","ping_status":"closed","template":"100-width.php","meta":{"_price":"","_stock":"","_tribe_ticket_header":"","_tribe_default_ticket_provider":"","_tribe_ticket_capacity":"0","_ticket_start_date":"","_ticket_end_date":"","_tribe_ticket_show_description":"","_tribe_ticket_show_not_going":false,"_tribe_ticket_use_global_stock":"","_tribe_ticket_global_stock_level":"","_global_stock_mode":"","_global_stock_cap":"","_tribe_rsvp_for_event":"","_tribe_ticket_going_count":"","_tribe_ticket_not_going_count":"","_tribe_tickets_list":"[]","_tribe_ticket_has_attendee_info_fields":false,"footnotes":""},"class_list":["post-2745","page","type-page","status-publish","hentry"],"_links":{"self":[{"href":"https:\/\/maranatha-conversion.com\/de\/wp-json\/wp\/v2\/pages\/2745","targetHints":{"allow":["GET"]}}],"collection":[{"href":"https:\/\/maranatha-conversion.com\/de\/wp-json\/wp\/v2\/pages"}],"about":[{"href":"https:\/\/maranatha-conversion.com\/de\/wp-json\/wp\/v2\/types\/page"}],"author":[{"embeddable":true,"href":"https:\/\/maranatha-conversion.com\/de\/wp-json\/wp\/v2\/users\/2"}],"replies":[{"embeddable":true,"href":"https:\/\/maranatha-conversion.com\/de\/wp-json\/wp\/v2\/comments?post=2745"}],"version-history":[{"count":5,"href":"https:\/\/maranatha-conversion.com\/de\/wp-json\/wp\/v2\/pages\/2745\/revisions"}],"predecessor-version":[{"id":3103,"href":"https:\/\/maranatha-conversion.com\/de\/wp-json\/wp\/v2\/pages\/2745\/revisions\/3103"}],"wp:attachment":[{"href":"https:\/\/maranatha-conversion.com\/de\/wp-json\/wp\/v2\/media?parent=2745"}],"curies":[{"name":"wp","href":"https:\/\/api.w.org\/{rel}","templated":true}]}}