{"id":2858,"date":"2019-02-11T19:33:41","date_gmt":"2019-02-11T19:33:41","guid":{"rendered":"https:\/\/maranatha-conversion.com\/?page_id=2858"},"modified":"2019-02-11T19:33:42","modified_gmt":"2019-02-11T19:33:42","slug":"rechtliche-informationen","status":"publish","type":"page","link":"https:\/\/maranatha-conversion.com\/de\/rechtliche-informationen\/","title":{"rendered":"Rechtliche Informationen"},"content":{"rendered":"<div class=\"fusion-fullwidth fullwidth-box fusion-builder-row-1 fusion-flex-container nonhundred-percent-fullwidth non-hundred-percent-height-scrolling\" style=\"--awb-border-radius-top-left:0px;--awb-border-radius-top-right:0px;--awb-border-radius-bottom-right:0px;--awb-border-radius-bottom-left:0px;--awb-flex-wrap:wrap;\" ><div class=\"fusion-builder-row fusion-row fusion-flex-align-items-flex-start fusion-flex-content-wrap\" style=\"max-width:calc( 1260px + 0px );margin-left: calc(-0px \/ 2 );margin-right: calc(-0px \/ 2 );\"><div class=\"fusion-layout-column fusion_builder_column fusion-builder-column-0 fusion_builder_column_1_1 1_1 fusion-flex-column\" style=\"--awb-bg-size:cover;--awb-width-large:100%;--awb-margin-top-large:0px;--awb-spacing-right-large:0px;--awb-margin-bottom-large:0px;--awb-spacing-left-large:0px;--awb-width-medium:100%;--awb-spacing-right-medium:0px;--awb-spacing-left-medium:0px;--awb-width-small:100%;--awb-spacing-right-small:0px;--awb-spacing-left-small:0px;\"><div class=\"fusion-column-wrapper fusion-flex-justify-content-flex-start fusion-content-layout-column\"><div class=\"fusion-text fusion-text-1\"><p><strong>Rechtliche Informationen<\/strong><\/p>\n<p><strong> Herausgeber<\/strong><strong>\u00a0<\/strong>:<\/p>\n<p>Verein : \u00ab\u00a0Maranatha\u00a0\u00bb Medjugorje,\u00a0Citluk<\/p>\n<p>Ulica Kralja Tomislava 59, 88266 Bijakovici, Medjugorje, Citluk, Bosna i Hercegovina<\/p>\n<p>Porezna registracija\u00a0 i registracijski broj pod kojim se vodi u Registru poslovnih subjekata : 4227735260005<\/p>\n<p><strong>Redaktionsleitung <\/strong>:\u00a0Sabrina Covic Radojicic<\/p>\n<p><strong>Webmaster<\/strong>\u00a0:\u00a0David Kordic<\/p>\n<p><strong>Gastgeber<\/strong>:\u00a0Hostpapa<\/p>\n<p><strong>Fotografische Nachweise :\u00a0<\/strong>\u00a9 Sabrina Covic\u00a0;\u00a0 Damir Ivankovic Djani<\/p>\n<p>Diese Seite ist Eigentum des Vereins \u00ab\u00a0Maranatha\u00a0\u00bb Medjugorje.<\/p>\n<p>1 &#8211; Bedingungen f\u00fcr die Nutzung der Website<\/p>\n<p>Der Verei \u00ab\u00a0Maranatha\u00a0\u00bb Medjugorje ferbringt seine Dienstleistungen vorbehaltlich Ihrer Verpflichtung zur Einhaltung dieser Nutzungsbedingungen, die der Verein \u00ab\u00a0Maranatha\u00a0\u00bb Medjugorje jederzeit \u00e4ndern kann.<\/p>\n<p>2 &#8211; Geistiges Eigentum<\/p>\n<p>In \u00dcbereinstimmung mit den Gesetzen \u00fcber das geistige Eigentum ist die Reproduktion oder Nutzung der auf dieser Website enthaltenen Elemente ganz oder teilweise strengstens untersagt. Es werden nur gesetzliche Ausnahmen beibehalten, einschlie\u00dflich der Vertretung im Familienkreis, der Privatkopie oder des Rechts auf ein kurzes Angebot.<\/p>\n<p>Daher sind alle auf dieser Website wiedergegebenen Texte, Fotos, Logos, Marken und andere Elemente durch das Gesetz \u00fcber das geistige Eigentum gesch\u00fctzt. (Urheberrecht, Leistungsschutzrecht, Markenrecht&#8230;.).<\/p>\n<p>Jede vollst\u00e4ndige oder teilweise Darstellung dieser Website mit irgendwelchen Mitteln ist ohne die ausdr\u00fcckliche Genehmigung des Betreibers der Website verboten und w\u00fcrde eine Verletzung darstellen, die nach den Artikeln L 335-2 ff. des Gesetzes \u00fcber geistiges Eigentum strafbar ist.<\/p>\n<p>Gleiches gilt f\u00fcr alle Datenbanken auf der Website, die durch die Bestimmungen des Gesetzes vom 11. Juli 1998 gesch\u00fctzt sind, mit dem die Europ\u00e4ische Richtlinie vom 11. M\u00e4rz 1996 \u00fcber den rechtlichen Schutz von Datenbanken in den Kodex f\u00fcr geistiges Eigentum (CPI) umgesetzt wird.<\/p>\n<p>3 &#8211; Personenbezogene Daten<\/p>\n<p>Der Verein \u00ab\u00a0Maranatha\u00a0\u00bb Medjugorje verpflichtet sich, die vom Nutzer der Website angegebenen personenbezogenen Daten vertraulich zu behandeln und nicht an andere Unternehmen oder Organisationen weiterzugeben.\u00a0 Der Verein \u00ab\u00a0Maranatha\u00a0\u00bb Medjugorje verpflichtet sich, daf\u00fcr zu sorgen, dass jede Person, die dies beantragt, das Recht auf Zugang, Berichtigung und L\u00f6schung der sie betreffenden Daten hat.<\/p>\n<p>Das Datenschutzgesetz betrifft:<\/p>\n<p><strong>&#8211; Recht auf Portabilit\u00e4t<\/strong>: Jede nat\u00fcrliche Person kann alle sie betreffenden Daten wiederherstellen, um sie nach eigenem Ermessen wiederzuverwenden;<\/p>\n<p><strong>&#8211; Recht auf Einschr\u00e4nkung der Verarbeitung<\/strong>: Jede nat\u00fcrliche Person kann verlangen, dass die Verarbeitung ihrer Daten eingeschr\u00e4nkt wird. Durch die Aus\u00fcbung dieses Rechts erzwingt die nat\u00fcrliche Person, dass das Unternehmen seine Daten speichert, ohne sie zu verwenden. Dieses Recht kann nur geltend gemacht werden, wenn die Verarbeitung rechtswidrig ist und\/oder die gesammelten Informationen unrichtig sind;<\/p>\n<p><strong>&#8211; Recht auf Vergessen<\/strong>: Jede nat\u00fcrliche Person hat die M\u00f6glichkeit, die L\u00f6schung aller sie betreffenden Daten zu verlangen;<\/p>\n<p><strong>&#8211; Recht auf Information<\/strong>: Jede nat\u00fcrliche Person hat das Recht, informiert zu werden, sobald ihre Daten erhoben werden, auch wenn sie von einer dritten Person stammen;<\/p>\n<p><strong>&#8211; Zugangsrecht<\/strong>: Jede nat\u00fcrliche Person hat das Recht, eine Best\u00e4tigung \u00fcber den Status ihrer Daten (werden sie verarbeitet oder nicht?) und eine Kopie ihrer Daten zu erhalten;<\/p>\n<p><strong>&#8211; Recht auf Berichtigung<\/strong>: Jede nat\u00fcrliche Person kann verlangen, dass ihre Daten vervollst\u00e4ndigt oder berichtigt werden;<\/p>\n<p><strong>&#8211; Widerspruchsrecht<\/strong>: Jede nat\u00fcrliche Person ist befugt, die Verarbeitung ihrer personenbezogenen Daten jederzeit abzulehnen oder der kommerziellen Nutzung ihrer Daten zu widersprechen;<\/p>\n<p><strong>&#8211; Recht auf Mitteilung einer Verletzung personenbezogener Daten<\/strong>: Dieses Recht verpflichtet den f\u00fcr die Verarbeitung Verantwortlichen, die nat\u00fcrliche Person, deren Daten verletzt wurden, zu hindern.<\/p>\n<p>4 &#8211; Haftung<\/p>\n<p>Der Verein \u00ab\u00a0Maranatha\u00a0\u00bb Medjugorje lehnt jede Verantwortung f\u00fcr Schwierigkeiten beim Zugriff auf seine Website oder f\u00fcr Kommunikationsausf\u00e4lle ab.<\/p>\n<p>Der Verein \u00ab\u00a0Maranatha\u00a0\u00bb Medjugorje beh\u00e4lt sich das Recht vor, die Website ganz oder teilweise ohne Vorank\u00fcndigung zu \u00e4ndern, vor\u00fcbergehend oder dauerhaft zu unterbrechen.<\/p>\n<p>Der Verein \u00ab\u00a0Maranatha\u00a0\u00bb Medjugorje kann unter keinen Umst\u00e4nden gegen Sie oder einen Dritten f\u00fcr eine \u00c4nderung, Unterbrechung oder Einstellung der Website haftbar gemacht werden.<\/p>\n<p>5 &#8211; Hypertext-Links<\/p>\n<p>Es steht Ihnen frei, Links zu dieser Website einzurichten, solange sie das Image des Herausgebers nicht sch\u00e4digen. Sie d\u00fcrfen Links zu den Seiten der Website im Format: html, php, xml einrichten.<\/p>\n<p>Die Praxis des Framings ist verboten, ebenso wie jede andere Praxis oder Technik, die Verwirrung in der \u00d6ffentlichkeit stiften k\u00f6nnte.<\/p>\n<p><strong>Deeplinks zu Dokumenten im pdf-, doc- oder rtf-Format sind verboten<\/strong>. Diese Art von Dokument erlaubt es Ihnen n\u00e4mlich nicht, diese Nutzungsbedingungen zu lesen.<\/p>\n<p>6 \u2013 Technische Aspekte und Haftungsbeschr\u00e4nkungen<\/p>\n<p>Die Website ist f\u00fcr den Zugriff von Computern oder mobilen Ger\u00e4ten mit Internetanschluss (nachfolgend &#8220;Computerterminals&#8221; genannt) mit einem aktuellen Internetbrowser konzipiert.\nDer Verein \u00ab\u00a0Maranatha\u00a0\u00bb Medjugorje tut sein Bestes, um sicherzustellen, dass die Navigation auf der Website ohne Zwischenf\u00e4lle erfolgt, aber es besteht keine Verpflichtung zum Ergebnis in Bezug auf die technische Zug\u00e4nglichkeit der Website. Es kann auch nicht garantiert werden, dass der Server, der die Website hostet, frei von Viren oder anderer b\u00f6sartiger Software (Malware) ist, die im Internet zirkuliert. Das Herunterladen von unserer Website erfolgt auf eigene Gefahr und der Nutzer muss sein Computerterminal mit einer an das Internet-Browsing angepassten Antiviren- und\/oder Antimalwaresoftware ausstatten und die notwendigen Ma\u00dfnahmen zum Schutz seines Terminals (Daten und Software) ergreifen. Der Nutzer kann die Vereinigung \u00a0\u00ab\u00a0Maranatha\u00a0\u00bb Medjugorje nicht f\u00fcr direkte oder indirekte Sch\u00e4den im Zusammenhang mit der Nutzung der Website verantwortlich machen.<\/p>\n<h3 class=\"wp-block-heading\">Cookies<\/h3>\n<p>Wir informieren Sie \u00fcber das Vorhandensein von Session-Cookies. Diese Cookies erm\u00f6glichen es uns, die Traffic-Analyse unserer Website zu verfeinern. Alle erzielten Ergebnisse sind zusammengetragen und v\u00f6llig anonym. In jedem Fall haben Sie die Kontrolle \u00fcber diese Cookies. Sie k\u00f6nnen sie in der Konfiguration Ihres internen Browsers wie folgt lesen, filtern, ablehnen und vernichten:<\/p>\n<p>In Internet Explorer: Men\u00fc &#8220;Extras &gt; Internetoptionen&#8221;. Klicken Sie auf &#8220;Datenschutz&#8221; und w\u00e4hlen Sie &#8220;Alle Cookies blockieren&#8221;. Best\u00e4tigen Sie mit &#8220;OK&#8221;.<\/p>\n<p>Unter Firefox: Men\u00fc &#8220;Extras &gt; Optionen&#8221;. Klicken Sie auf die Option &#8220;Datenschutz&#8221; und deaktivieren Sie dann die Cookies im Abschnitt &#8220;Cookies&#8221;.<\/p>\n<p>Unter Chrome: Men\u00fc &#8220;Tools&#8221;. Klicken Sie auf &#8220;Surfdaten l\u00f6schen&#8221; und w\u00e4hlen Sie &#8220;Cookies und andere Seiten- und Plugin-Daten l\u00f6schen&#8221;. Best\u00e4tigen Sie mit &#8220;Navigationsdaten l\u00f6schen&#8221;.<\/p>\n<p>Genie\u00dfen Sie Ihren Besuch<\/p>\n<\/div><\/div><\/div><\/div><\/div>","protected":false},"excerpt":{"rendered":"","protected":false},"author":2,"featured_media":0,"parent":0,"menu_order":0,"comment_status":"closed","ping_status":"closed","template":"","meta":{"_price":"","_stock":"","_tribe_ticket_header":"","_tribe_default_ticket_provider":"","_tribe_ticket_capacity":"0","_ticket_start_date":"","_ticket_end_date":"","_tribe_ticket_show_description":"","_tribe_ticket_show_not_going":false,"_tribe_ticket_use_global_stock":"","_tribe_ticket_global_stock_level":"","_global_stock_mode":"","_global_stock_cap":"","_tribe_rsvp_for_event":"","_tribe_ticket_going_count":"","_tribe_ticket_not_going_count":"","_tribe_tickets_list":"[]","_tribe_ticket_has_attendee_info_fields":false,"footnotes":""},"class_list":["post-2858","page","type-page","status-publish","hentry"],"_links":{"self":[{"href":"https:\/\/maranatha-conversion.com\/de\/wp-json\/wp\/v2\/pages\/2858","targetHints":{"allow":["GET"]}}],"collection":[{"href":"https:\/\/maranatha-conversion.com\/de\/wp-json\/wp\/v2\/pages"}],"about":[{"href":"https:\/\/maranatha-conversion.com\/de\/wp-json\/wp\/v2\/types\/page"}],"author":[{"embeddable":true,"href":"https:\/\/maranatha-conversion.com\/de\/wp-json\/wp\/v2\/users\/2"}],"replies":[{"embeddable":true,"href":"https:\/\/maranatha-conversion.com\/de\/wp-json\/wp\/v2\/comments?post=2858"}],"version-history":[{"count":1,"href":"https:\/\/maranatha-conversion.com\/de\/wp-json\/wp\/v2\/pages\/2858\/revisions"}],"predecessor-version":[{"id":2859,"href":"https:\/\/maranatha-conversion.com\/de\/wp-json\/wp\/v2\/pages\/2858\/revisions\/2859"}],"wp:attachment":[{"href":"https:\/\/maranatha-conversion.com\/de\/wp-json\/wp\/v2\/media?parent=2858"}],"curies":[{"name":"wp","href":"https:\/\/api.w.org\/{rel}","templated":true}]}}