{"id":1884,"date":"2019-02-03T14:40:19","date_gmt":"2019-02-03T14:40:19","guid":{"rendered":"https:\/\/maranatha-conversion.com\/?page_id=1884"},"modified":"2019-02-04T11:05:27","modified_gmt":"2019-02-04T11:05:27","slug":"nuestra-mision","status":"publish","type":"page","link":"https:\/\/maranatha-conversion.com\/es\/nuestra-mision\/","title":{"rendered":"Nuestra misi\u00f3n"},"content":{"rendered":"<p><div class=\"fusion-fullwidth fullwidth-box fusion-builder-row-1 fusion-flex-container nonhundred-percent-fullwidth non-hundred-percent-height-scrolling\" style=\"--awb-border-radius-top-left:0px;--awb-border-radius-top-right:0px;--awb-border-radius-bottom-right:0px;--awb-border-radius-bottom-left:0px;--awb-background-color:#dca960;--awb-flex-wrap:wrap;\" id=\"page-header\" ><div class=\"fusion-builder-row fusion-row fusion-flex-align-items-flex-start fusion-flex-content-wrap\" style=\"max-width:calc( 1260px + 0px );margin-left: calc(-0px \/ 2 );margin-right: calc(-0px \/ 2 );\"><div class=\"fusion-layout-column fusion_builder_column fusion-builder-column-0 fusion_builder_column_1_1 1_1 fusion-flex-column\" style=\"--awb-bg-size:cover;--awb-width-large:100%;--awb-margin-top-large:0px;--awb-spacing-right-large:0px;--awb-margin-bottom-large:20px;--awb-spacing-left-large:0px;--awb-width-medium:100%;--awb-spacing-right-medium:0px;--awb-spacing-left-medium:0px;--awb-width-small:100%;--awb-spacing-right-small:0px;--awb-spacing-left-small:0px;\"><div class=\"fusion-column-wrapper fusion-flex-justify-content-flex-start fusion-content-layout-column\"><div class=\"fusion-separator fusion-full-width-sep\" style=\"align-self: center;margin-left: auto;margin-right: auto;margin-top:20px;width:100%;\"><\/div><div class=\"fusion-title title fusion-title-1 fusion-sep-none fusion-title-center fusion-title-text fusion-title-size-one\" id=\"page-title\"><h1 class=\"fusion-title-heading title-heading-center fusion-responsive-typography-calculated\" style=\"margin:0;--fontSize:34;line-height:1.4;\">Nuestra misi\u00f3n<\/h1><\/div><\/div><\/div><\/div><\/div><div class=\"fusion-fullwidth fullwidth-box fusion-builder-row-2 fusion-flex-container nonhundred-percent-fullwidth non-hundred-percent-height-scrolling\" style=\"--awb-border-radius-top-left:0px;--awb-border-radius-top-right:0px;--awb-border-radius-bottom-right:0px;--awb-border-radius-bottom-left:0px;--awb-flex-wrap:wrap;\" ><div class=\"fusion-builder-row fusion-row fusion-flex-align-items-flex-start fusion-flex-content-wrap\" style=\"max-width:calc( 1260px + 0px );margin-left: calc(-0px \/ 2 );margin-right: calc(-0px \/ 2 );\"><div class=\"fusion-layout-column fusion_builder_column fusion-builder-column-1 fusion_builder_column_1_1 1_1 fusion-flex-column\" style=\"--awb-bg-size:cover;--awb-width-large:100%;--awb-margin-top-large:0px;--awb-spacing-right-large:0px;--awb-margin-bottom-large:0px;--awb-spacing-left-large:0px;--awb-width-medium:100%;--awb-spacing-right-medium:0px;--awb-spacing-left-medium:0px;--awb-width-small:100%;--awb-spacing-right-small:0px;--awb-spacing-left-small:0px;\"><div class=\"fusion-column-wrapper fusion-flex-justify-content-flex-start fusion-content-layout-column\"><div class=\"fusion-separator fusion-full-width-sep\" style=\"align-self: center;margin-left: auto;margin-right: auto;margin-top:50px;width:100%;\"><\/div><div class=\"fusion-text fusion-text-1\"><p>Solicitamos la cooperaci\u00f3n de todas las personas de buena voluntad independientemente de sus tradiciones espirituales, para interceder por la sanaci\u00f3n del coraz\u00f3n del hombre y del mundo.<\/p>\n<p>\u00bfC\u00f3mo vencer el mal que nos rodea? \u00bfC\u00f3mo erradicar la oscuridad que a veces acecha\u00a0 nuestros corazones y de la que a menudo no somos conscientes?\u00a0\u00bfC\u00f3mo comenzar a establecer en el mundo el bien que so\u00f1amos? \u00bfC\u00f3mo puede uno dejar de agachar la cabeza y de sentirse impotente ante la propagaci\u00f3n del mal que avanza para gobernar el mundo y destruirlo?\u00a0Hay urgencia, ya no podemos pretender que todo se resolver\u00e1 por s\u00ed mismo.\u00a0Pero entonces, \u00bfc\u00f3mo podemos encontrar los medios para implementar lo que el Papa Francisco nos propone y tambi\u00e9n lo que los Papas anteriores ofrec\u00edan constantemente como soluciones?<\/p>\n<p>Todo lo que es bello y existe en lo visible, nace primero en lo invisible, en forma de una idea, una oraci\u00f3n, un sue\u00f1o &#8230; Esta <em>\u00ab\u00a0<\/em>Tercera Guerra Mundial en peque\u00f1os fragmentos\u00a0<em>\u00bb<\/em> que\u00a0 vivimos hoy y de la cual habla el Papa Francisco, tambi\u00e9n nace en lo invisible antes de hacer\u00a0 estragos en el mundo visible.\u00a0Hemos permitido que una civilizaci\u00f3n de la muerte reemplace la b\u00fasqueda de una civilizaci\u00f3n del amor.\u00a0Claramente estamos en una guerra a nivel espiritual y debemos encontrar maneras de lidiar con ella con armas espirituales, las \u00fanicas que ser\u00e1n definitivamente efectivas.\u00a0Como el problema ahora es global, debemos ser creativos y encontrar formas de responder globalmente. \u00a1Despert\u00e9monos, reun\u00e1monos, encontremos maneras de unirnos regularmente con todos los hombres y mujeres de buena voluntad, independientemente de nuestras tradiciones religiosas! !Seamos m\u00e1s fuertes que el mal que no s\u00f3lo quiere destruir la vida en nuestro planeta, sino tambi\u00e9n destruir el planeta mismo!\u00a0\u00a1Saquemos nuestras trompetas de Jeric\u00f3 y reun\u00e1monos incansablemente para derribar los muros erigidos por el mal!\u00a0No temamos al otro, no temamos buscar juntos soluciones uniendo nuestros corazones en la oraci\u00f3n, cualquiera que sea su expresi\u00f3n, para interceder por la sanaci\u00f3n del coraz\u00f3n del hombre y de la\u00a0\u00a0 humanidad. !No tengamos miedo de buscar y compartir el amor por el que fuimos creados y que es el objetivo de toda existencia!<\/p>\n<p>\u00a1No olvidemos que todos somos diferentes y respetemos la dignidad de la expresi\u00f3n religiosa de todos los habitantes del mundo!\u00a0Nuestro Movimiento\u00a0no es sincr\u00e9tico, no\u00a0 propone tener una sola religi\u00f3n mundial, \u00e9sto representar\u00eda lo opuesto al enfoque buscado.\u00a0Lo que importa es ponernos todos en un camino donde podamos encontrarnos\u00a0 personalmente con el <em>\u00ab\u00a0<\/em>amor de Dios <em>\u00bb<\/em>,\u00a0porque el abre nuestros ojos y nuestros corazones y permite poner en marcha soluciones concretas, proyectos en los que trabajen juntas todas las personas de buena voluntad que se sientan llamadas a hacerlo.<\/p>\n<p>Debemos buscar el punto medio necesario para alcanzar el equilibrio hacia el bien, para aniquilar para siempre lo que destruye la vida en todas sus formas.\u00a0Este es nuestro objetivo fundamental.\u00a0Estamos convencidos de que \u00e9sto es posible, estamos conscientes de la locura y la dificultad de la propuesta, pero tambi\u00e9n estamos conscientes de que si no emprendemos nada, no habr\u00e1 soluci\u00f3n que aparezca por s\u00ed sola.\u00a0Las soluciones vendr\u00e1n\u00a0 s\u00f3lo cuando las personas, el mayor n\u00famero de habitantes del planeta, finalmente se den cuenta de que las \u00fanicas armas que vencer\u00e1n las tinieblas que nos invaden, son las armas espirituales;\u00a0que estas armas espirituales est\u00e1n en sus propias manos, en sus propios corazones&#8230; y no en las manos de l\u00edderes que prometen todo pero que no pueden encontrar soluciones o que, con demasiada frecuencia, proponen iniciativas que son cada vez m\u00e1s destructivas.<\/p>\n<p>Respetando profundamente la identidad religiosa de cada creyente en el coraz\u00f3n de todas las religiones del mundo, los invitamos a construir, juntos, un mundo donde reinen la Fe, la Esperanza y la Caridad.<\/p>\n<p>\u00a1Un\u00e1monos con el coraz\u00f3n, un\u00e1monos espiritualmente!\u00a0\u00danete con nosotros a un grupo ya existente o comienza con tus familiares un <em>\u00ab\u00a0<\/em>Maranat\u00f3n\u00a0<em>\u00bb<\/em> en un centro espiritual cercano a t\u00ed!<\/p>\n<p>\u00a1Despert\u00e9monos, compromet\u00e1monos!<\/p>\n<p><em>\u00ab Es por eso que te digo: todo lo que pidas en oraci\u00f3n, cree que ya lo has recibido y te ser\u00e1\u00a0 otorgado.\u00a0\u00bb Marcos 11,24<\/em><\/p>\n<p style=\"text-align: right;\"><em>Sabrina Covic Radojicic<\/em><\/p>\n<\/div><\/div><\/div><\/div><\/div><div class=\"fusion-fullwidth fullwidth-box fusion-builder-row-3 fusion-flex-container nonhundred-percent-fullwidth non-hundred-percent-height-scrolling\" style=\"--awb-border-radius-top-left:0px;--awb-border-radius-top-right:0px;--awb-border-radius-bottom-right:0px;--awb-border-radius-bottom-left:0px;--awb-flex-wrap:wrap;\" ><div class=\"fusion-builder-row fusion-row fusion-flex-align-items-flex-start fusion-flex-content-wrap\" style=\"max-width:1310.4px;margin-left: calc(-4% \/ 2 );margin-right: calc(-4% \/ 2 );\"><div class=\"fusion-layout-column fusion_builder_column fusion-builder-column-2 fusion_builder_column_1_1 1_1 fusion-flex-column\" style=\"--awb-bg-size:cover;--awb-width-large:100%;--awb-margin-top-large:0px;--awb-spacing-right-large:1.92%;--awb-margin-bottom-large:0px;--awb-spacing-left-large:1.92%;--awb-width-medium:100%;--awb-spacing-right-medium:1.92%;--awb-spacing-left-medium:1.92%;--awb-width-small:100%;--awb-spacing-right-small:1.92%;--awb-spacing-left-small:1.92%;\"><div class=\"fusion-column-wrapper fusion-flex-justify-content-flex-start fusion-content-layout-column\"><div class=\"fusion-content-boxes content-boxes columns row fusion-columns-3 fusion-columns-total-3 fusion-content-boxes-1 content-boxes-icon-on-top content-left\" style=\"--awb-iconcolor:#dca960;--awb-hover-accent-color:#dca960;--awb-circle-hover-accent-color:transparent;\" data-animationOffset=\"top-into-view\"><div style=\"--awb-backgroundcolor:rgba(255,255,255,0);--awb-iconcolor:#dca960;\" class=\"fusion-column content-box-column content-box-column content-box-column-1 col-lg-4 col-md-4 col-sm-4 fusion-content-box-hover content-box-column-first-in-row\"><div class=\"col content-box-wrapper content-wrapper link-area-box link-type-text icon-hover-animation-fade\" data-link=\"nuestra-mision\/\" data-link-target=\"_self\" data-animationOffset=\"top-into-view\"><div class=\"heading heading-with-icon icon-left\"><a class=\"heading-link\" href=\"nuestra-mision\/\" target=\"_self\"><div class=\"icon\"><i style=\"border-color:rgba(255,255,255,0);border-width:0px;background-color:rgba(255,255,255,0);box-sizing:content-box;height:72px;width:72px;line-height:72px;border-radius:50%;font-size:36px;\" aria-hidden=\"true\" class=\"fontawesome-icon fa-child fas circle-yes\"><\/i><\/div><h2 class=\"content-box-heading fusion-responsive-typography-calculated\" style=\"--h2_typography-font-size:24px;--fontSize:24;line-height:1.3;\">Nuestra misi\u00f3n<\/h2><\/a><\/div><\/div><\/div><div style=\"--awb-backgroundcolor:rgba(255,255,255,0);--awb-iconcolor:#dca960;\" class=\"fusion-column content-box-column content-box-column content-box-column-2 col-lg-4 col-md-4 col-sm-4 fusion-content-box-hover \"><div class=\"col content-box-wrapper content-wrapper link-area-box link-type-text icon-hover-animation-fade\" data-link=\"los-maranatones\" data-link-target=\"_self\" data-animationOffset=\"top-into-view\"><div class=\"heading heading-with-icon icon-left\"><a class=\"heading-link\" href=\"los-maranatones\" target=\"_self\"><div class=\"icon\"><i style=\"border-color:rgba(255,255,255,0);border-width:0px;background-color:rgba(255,255,255,0);box-sizing:content-box;height:72px;width:72px;line-height:72px;border-radius:50%;font-size:36px;\" aria-hidden=\"true\" class=\"fontawesome-icon fa-globe-americas fas circle-yes\"><\/i><\/div><h2 class=\"content-box-heading fusion-responsive-typography-calculated\" style=\"--h2_typography-font-size:24px;--fontSize:24;line-height:1.3;\">Los Maranatones<\/h2><\/a><\/div><\/div><\/div><div style=\"--awb-backgroundcolor:rgba(255,255,255,0);--awb-iconcolor:#dca960;\" class=\"fusion-column content-box-column content-box-column content-box-column-3 col-lg-4 col-md-4 col-sm-4 fusion-content-box-hover content-box-column-last content-box-column-last-in-row\"><div class=\"col content-box-wrapper content-wrapper link-area-box link-type-text icon-hover-animation-fade\" data-link=\"hacer-una-donacion\" data-link-target=\"_self\" data-animationOffset=\"top-into-view\"><div class=\"heading heading-with-icon icon-left\"><a class=\"heading-link\" href=\"hacer-una-donacion\" target=\"_self\"><div class=\"icon\"><i style=\"border-color:rgba(255,255,255,0);border-width:0px;background-color:rgba(255,255,255,0);box-sizing:content-box;height:72px;width:72px;line-height:72px;border-radius:50%;font-size:36px;\" aria-hidden=\"true\" class=\"fontawesome-icon fa-envira fab circle-yes\"><\/i><\/div><h2 class=\"content-box-heading fusion-responsive-typography-calculated\" style=\"--h2_typography-font-size:24px;--fontSize:24;line-height:1.3;\">Hacer una donaci\u00f3n<\/h2><\/a><\/div><\/div><\/div><div class=\"fusion-clearfix\"><\/div><\/div><\/div><\/div><\/div><\/div>\n<\/p>\n","protected":false},"excerpt":{"rendered":"","protected":false},"author":2,"featured_media":0,"parent":0,"menu_order":0,"comment_status":"closed","ping_status":"closed","template":"100-width.php","meta":{"_price":"","_stock":"","_tribe_ticket_header":"","_tribe_default_ticket_provider":"","_tribe_ticket_capacity":"0","_ticket_start_date":"","_ticket_end_date":"","_tribe_ticket_show_description":"","_tribe_ticket_show_not_going":false,"_tribe_ticket_use_global_stock":"","_tribe_ticket_global_stock_level":"","_global_stock_mode":"","_global_stock_cap":"","_tribe_rsvp_for_event":"","_tribe_ticket_going_count":"","_tribe_ticket_not_going_count":"","_tribe_tickets_list":"[]","_tribe_ticket_has_attendee_info_fields":false,"footnotes":""},"class_list":["post-1884","page","type-page","status-publish","hentry"],"_links":{"self":[{"href":"https:\/\/maranatha-conversion.com\/es\/wp-json\/wp\/v2\/pages\/1884","targetHints":{"allow":["GET"]}}],"collection":[{"href":"https:\/\/maranatha-conversion.com\/es\/wp-json\/wp\/v2\/pages"}],"about":[{"href":"https:\/\/maranatha-conversion.com\/es\/wp-json\/wp\/v2\/types\/page"}],"author":[{"embeddable":true,"href":"https:\/\/maranatha-conversion.com\/es\/wp-json\/wp\/v2\/users\/2"}],"replies":[{"embeddable":true,"href":"https:\/\/maranatha-conversion.com\/es\/wp-json\/wp\/v2\/comments?post=1884"}],"version-history":[{"count":2,"href":"https:\/\/maranatha-conversion.com\/es\/wp-json\/wp\/v2\/pages\/1884\/revisions"}],"predecessor-version":[{"id":2195,"href":"https:\/\/maranatha-conversion.com\/es\/wp-json\/wp\/v2\/pages\/1884\/revisions\/2195"}],"wp:attachment":[{"href":"https:\/\/maranatha-conversion.com\/es\/wp-json\/wp\/v2\/media?parent=1884"}],"curies":[{"name":"wp","href":"https:\/\/api.w.org\/{rel}","templated":true}]}}