{"id":2297,"date":"2019-02-04T19:56:41","date_gmt":"2019-02-04T19:56:41","guid":{"rendered":"https:\/\/maranatha-conversion.com\/?page_id=2297"},"modified":"2019-02-15T04:10:33","modified_gmt":"2019-02-15T04:10:33","slug":"nase-poslanje","status":"publish","type":"page","link":"https:\/\/maranatha-conversion.com\/hr\/nase-poslanje\/","title":{"rendered":"Na\u0161e poslanje"},"content":{"rendered":"<p><div class=\"fusion-fullwidth fullwidth-box fusion-builder-row-1 fusion-flex-container nonhundred-percent-fullwidth non-hundred-percent-height-scrolling\" style=\"--awb-border-radius-top-left:0px;--awb-border-radius-top-right:0px;--awb-border-radius-bottom-right:0px;--awb-border-radius-bottom-left:0px;--awb-background-color:#dca960;--awb-flex-wrap:wrap;\" id=\"page-header\" ><div class=\"fusion-builder-row fusion-row fusion-flex-align-items-flex-start fusion-flex-content-wrap\" style=\"max-width:calc( 1260px + 0px );margin-left: calc(-0px \/ 2 );margin-right: calc(-0px \/ 2 );\"><div class=\"fusion-layout-column fusion_builder_column fusion-builder-column-0 fusion_builder_column_1_1 1_1 fusion-flex-column\" style=\"--awb-bg-size:cover;--awb-width-large:100%;--awb-margin-top-large:0px;--awb-spacing-right-large:0px;--awb-margin-bottom-large:20px;--awb-spacing-left-large:0px;--awb-width-medium:100%;--awb-spacing-right-medium:0px;--awb-spacing-left-medium:0px;--awb-width-small:100%;--awb-spacing-right-small:0px;--awb-spacing-left-small:0px;\"><div class=\"fusion-column-wrapper fusion-flex-justify-content-flex-start fusion-content-layout-column\"><div class=\"fusion-separator fusion-full-width-sep\" style=\"align-self: center;margin-left: auto;margin-right: auto;margin-top:20px;width:100%;\"><\/div><div class=\"fusion-title title fusion-title-1 fusion-sep-none fusion-title-center fusion-title-text fusion-title-size-one\" id=\"page-title\"><h1 class=\"fusion-title-heading title-heading-center fusion-responsive-typography-calculated\" style=\"margin:0;--fontSize:34;line-height:1.4;\">Na\u0161e poslanje<\/h1><\/div><\/div><\/div><\/div><\/div><div class=\"fusion-fullwidth fullwidth-box fusion-builder-row-2 fusion-flex-container nonhundred-percent-fullwidth non-hundred-percent-height-scrolling\" style=\"--awb-border-radius-top-left:0px;--awb-border-radius-top-right:0px;--awb-border-radius-bottom-right:0px;--awb-border-radius-bottom-left:0px;--awb-flex-wrap:wrap;\" ><div class=\"fusion-builder-row fusion-row fusion-flex-align-items-flex-start fusion-flex-content-wrap\" style=\"max-width:calc( 1260px + 0px );margin-left: calc(-0px \/ 2 );margin-right: calc(-0px \/ 2 );\"><div class=\"fusion-layout-column fusion_builder_column fusion-builder-column-1 fusion_builder_column_1_1 1_1 fusion-flex-column\" style=\"--awb-bg-size:cover;--awb-width-large:100%;--awb-margin-top-large:0px;--awb-spacing-right-large:0px;--awb-margin-bottom-large:0px;--awb-spacing-left-large:0px;--awb-width-medium:100%;--awb-spacing-right-medium:0px;--awb-spacing-left-medium:0px;--awb-width-small:100%;--awb-spacing-right-small:0px;--awb-spacing-left-small:0px;\"><div class=\"fusion-column-wrapper fusion-flex-justify-content-flex-start fusion-content-layout-column\"><div class=\"fusion-separator fusion-full-width-sep\" style=\"align-self: center;margin-left: auto;margin-right: auto;margin-top:50px;width:100%;\"><\/div><div class=\"fusion-text fusion-text-1\"><p><strong>Poziv na suradnju svih ljudi dobre volje, bez obzira na njihove duhovne tradicije, za posredovanje u ozdravljenju ljudskog srca i svijeta.<\/strong><\/p>\n<p>Kako pobijediti zlo koje nas okru\u017euje? Kako odagnati tminu koja ponekad vreba i u na\u0161im srcima i koje \u010desto nismo svjesni? Kako postati ono dobro koje sanjamo da se uspostavlja u svijetu? Kako prestati saginjati glavu i osje\u0107ati se nemo\u0107nim naspram zlu koje se \u0161iri i napreduje kako bi zavladalo svijetom i uni\u0161tilo ga? Stanje je hitne prirode, ne mo\u017eemo se vi\u0161e praviti da \u0107e se sve rije\u0161iti samo po sebi. No, kako onda prona\u0111i sredstva za provedbu onoga \u0161to nam papa Franjo predla\u017ee \u2013 a \u0161to su i prethodni Pape stalno predlagali kao rje\u0161enja?<\/p>\n<p>Sve \u0161to je lijepo i \u0161to postoji u vidljivome prvo se ra\u0111a u nevidljivome, u obliku ideje, molitve ili sna. Ovaj \u201eTre\u0107i svjetski rat malim koracima\u201c koji mi danas \u017eivimo i o kojem govori papa Franjo, i on se ra\u0111a u nevidljivome prije nego \u0161to izazove razaranja u vidljivom svijetu. Dopustili smo da civilizacija smrti zamijeni potragu za civilizacijom ljubavi. Jasno je da smo u ratu na duhovnoj razini i moramo prona\u0107i na\u010dine za suo\u010davanje, s duhovnim oru\u017ejem, jedinim koje \u0107e biti istinski u\u010dinkovito. Budu\u0107i da je problem sada globalni, moramo biti kreativni i prona\u0107i na\u010dine da odgovorimo globalno. Probudimo se, ujedinimo se, prona\u0111imo na\u010dine da se redovito sastajemo sa svim mu\u0161karcima i \u017eenama dobre volje, bez obzira na na\u0161e vjerske tradicije! Budimo ja\u010di od zla koje ne \u017eeli uni\u0161titi samo \u017eivot na na\u0161em planetu nego i sam planet! Izvadimo svoje jerihonske trube i neumorno se okupljajmo kako bismo sru\u0161ili zidove koje je podiglo zlo! Ne bojimo se drugoga, ne bojimo se tra\u017eiti zajedni\u010dka rje\u0161enja ujedinjuju\u0107i svoja srca u molitvi, bez obzira na to kako ona zvu\u010dala, zagovaraju\u0107i ozdravljenje ljudskog srca i \u010dovje\u010danstva! Ne bojimo se tra\u017eiti i dijeliti ljubav za koju smo stvoreni i koja je svrha svakog postojanja!<\/p>\n<p>Ne zaboravimo da smo svi razli\u010diti i po\u0161tujmo dostojanstvo vjerskog izra\u017eavanja svih stanovnika svijeta! Nema govora o sinkreti\u010dkom pokretu koji predla\u017ee postojanje samo jedne svjetske religije, jer bi to bilo potpuno suprotno tra\u017eenom pristupu. Va\u017eno je da se svatko otisne na put radi osobnog \u201esusreta s Bo\u017ejom ljubavlju\u201c jer nam otvara o\u010di i srca te omogu\u0107uje iznala\u017eenje konkretnih rje\u0161enja i projekata na kojima \u0107e raditi zajedno svi ljudi dobre volje koji se osje\u0107aju pozvanima.<\/p>\n<p>Moramo dosegnuti kriti\u010dnu masu potrebnu da se jezi\u010dak na vagi pomjeri prema dobrome, kako bismo zauvijek uni\u0161tili ono \u0161to uni\u0161tava \u017eivot u svim njegovim oblicima. To je na\u0161 temeljni cilj. Uvjereni smo da je to mogu\u0107e, svjesni smo ludosti i pote\u0161ko\u0107a poduhvata, ali smo tako\u0111er svjesni da, ako ni\u0161ta ne poduzmemo, nikakvo se rje\u0161enje ne\u0107e pojaviti samo od sebe. Rje\u0161enje \u0107e do\u0107i samo onda nakon \u0161to ljudi, najve\u0107i broj stanovnika planeta, kona\u010dno postanu svjesni da je jedino oru\u017eje koje \u0107e nadvladati tamu koja nas napada duhovno oru\u017eje; da je to duhovno oru\u017eje u njihovim rukama i srcima, a ne u rukama vo\u0111a koji obe\u0107avaju sve, ali su nemo\u0107ni prona\u0107i rje\u0161enja ili koji, pre\u010desto, predla\u017eu inicijative koje su sve destruktivnije.<\/p>\n<p>Uz duboko po\u0161tivanje vjerskog identiteta svakog istinskog vjernika svih svjetskih religija, pozivamo vas da zajedno izgradimo svijet u kojem \u0107e vladati Vjera, Nada i Ljubav.<\/p>\n<p>Ujedinimo se srcem, ujedinimo se duhom! Pridru\u017eite nam se ve\u0107 u postoje\u0107oj skupini! Ili, sa svojim bli\u017enjima, zapo\u010dnite \u201emaranaton\u201c u najbli\u017eem duhovnom centru<\/p>\n<p>Probudimo se i priklju\u010dimo!<\/p>\n<p><em>\u00ab Stoga vam ka\u017eem: Sve \u0161to god zamolite i zai\u0161tete, vjerujte da ste postigli i bit \u0107e vam!\u00ab (Marko 11, 24)<\/em><\/p>\n<p style=\"text-align: right;\"><em>Sabrina Covic Radojicic<\/em><\/p>\n<\/div><\/div><\/div><\/div><\/div><div class=\"fusion-fullwidth fullwidth-box fusion-builder-row-3 fusion-flex-container nonhundred-percent-fullwidth non-hundred-percent-height-scrolling\" style=\"--awb-border-radius-top-left:0px;--awb-border-radius-top-right:0px;--awb-border-radius-bottom-right:0px;--awb-border-radius-bottom-left:0px;--awb-flex-wrap:wrap;\" ><div class=\"fusion-builder-row fusion-row fusion-flex-align-items-flex-start fusion-flex-content-wrap\" style=\"max-width:1310.4px;margin-left: calc(-4% \/ 2 );margin-right: calc(-4% \/ 2 );\"><div class=\"fusion-layout-column fusion_builder_column fusion-builder-column-2 fusion_builder_column_1_1 1_1 fusion-flex-column\" style=\"--awb-bg-size:cover;--awb-width-large:100%;--awb-margin-top-large:0px;--awb-spacing-right-large:1.92%;--awb-margin-bottom-large:0px;--awb-spacing-left-large:1.92%;--awb-width-medium:100%;--awb-spacing-right-medium:1.92%;--awb-spacing-left-medium:1.92%;--awb-width-small:100%;--awb-spacing-right-small:1.92%;--awb-spacing-left-small:1.92%;\"><div class=\"fusion-column-wrapper fusion-flex-justify-content-flex-start fusion-content-layout-column\"><div class=\"fusion-content-boxes content-boxes columns row fusion-columns-3 fusion-columns-total-3 fusion-content-boxes-1 content-boxes-icon-on-top content-left\" style=\"--awb-iconcolor:#dca960;--awb-hover-accent-color:#dca960;--awb-circle-hover-accent-color:transparent;\" data-animationOffset=\"top-into-view\"><div style=\"--awb-backgroundcolor:rgba(255,255,255,0);--awb-iconcolor:#dca960;\" class=\"fusion-column content-box-column content-box-column content-box-column-1 col-lg-4 col-md-4 col-sm-4 fusion-content-box-hover content-box-column-first-in-row\"><div class=\"col content-box-wrapper content-wrapper link-area-box link-type-text icon-hover-animation-fade\" data-link=\"notre-mission\/\" data-link-target=\"_self\" data-animationOffset=\"top-into-view\"><div class=\"heading heading-with-icon icon-left\"><a class=\"heading-link\" href=\"notre-mission\/\" target=\"_self\"><div class=\"icon\"><i style=\"border-color:rgba(255,255,255,0);border-width:0px;background-color:rgba(255,255,255,0);box-sizing:content-box;height:72px;width:72px;line-height:72px;border-radius:50%;font-size:36px;\" aria-hidden=\"true\" class=\"fontawesome-icon fa-child fas circle-yes\"><\/i><\/div><h2 class=\"content-box-heading fusion-responsive-typography-calculated\" style=\"--h2_typography-font-size:24px;--fontSize:24;line-height:1.3;\">Na\u0161e poslanje<\/h2><\/a><\/div><\/div><\/div><div style=\"--awb-backgroundcolor:rgba(255,255,255,0);--awb-iconcolor:#dca960;\" class=\"fusion-column content-box-column content-box-column content-box-column-2 col-lg-4 col-md-4 col-sm-4 fusion-content-box-hover \"><div class=\"col content-box-wrapper content-wrapper link-area-box link-type-text icon-hover-animation-fade\" data-link=\"les-maranathons\/\" data-link-target=\"_self\" data-animationOffset=\"top-into-view\"><div class=\"heading heading-with-icon icon-left\"><a class=\"heading-link\" href=\"les-maranathons\/\" target=\"_self\"><div class=\"icon\"><i style=\"border-color:rgba(255,255,255,0);border-width:0px;background-color:rgba(255,255,255,0);box-sizing:content-box;height:72px;width:72px;line-height:72px;border-radius:50%;font-size:36px;\" aria-hidden=\"true\" class=\"fontawesome-icon fa-globe-americas fas circle-yes\"><\/i><\/div><h2 class=\"content-box-heading fusion-responsive-typography-calculated\" style=\"--h2_typography-font-size:24px;--fontSize:24;line-height:1.3;\">Maranatoni<\/h2><\/a><\/div><\/div><\/div><div style=\"--awb-backgroundcolor:rgba(255,255,255,0);--awb-iconcolor:#dca960;\" class=\"fusion-column content-box-column content-box-column content-box-column-3 col-lg-4 col-md-4 col-sm-4 fusion-content-box-hover content-box-column-last content-box-column-last-in-row\"><div class=\"col content-box-wrapper content-wrapper link-area-box link-type-text icon-hover-animation-fade\" data-link=\"nous-soutenir\/\" data-link-target=\"_self\" data-animationOffset=\"top-into-view\"><div class=\"heading heading-with-icon icon-left\"><a class=\"heading-link\" href=\"nous-soutenir\/\" target=\"_self\"><div class=\"icon\"><i style=\"border-color:rgba(255,255,255,0);border-width:0px;background-color:rgba(255,255,255,0);box-sizing:content-box;height:72px;width:72px;line-height:72px;border-radius:50%;font-size:36px;\" aria-hidden=\"true\" class=\"fontawesome-icon fa-envira fab circle-yes\"><\/i><\/div><h2 class=\"content-box-heading fusion-responsive-typography-calculated\" style=\"--h2_typography-font-size:24px;--fontSize:24;line-height:1.3;\">Podr\u017eite nas<\/h2><\/a><\/div><\/div><\/div><div class=\"fusion-clearfix\"><\/div><\/div><\/div><\/div><\/div><\/div>\n<\/p>\n","protected":false},"excerpt":{"rendered":"","protected":false},"author":2,"featured_media":0,"parent":0,"menu_order":0,"comment_status":"closed","ping_status":"closed","template":"100-width.php","meta":{"_price":"","_stock":"","_tribe_ticket_header":"","_tribe_default_ticket_provider":"","_tribe_ticket_capacity":"0","_ticket_start_date":"","_ticket_end_date":"","_tribe_ticket_show_description":"","_tribe_ticket_show_not_going":false,"_tribe_ticket_use_global_stock":"","_tribe_ticket_global_stock_level":"","_global_stock_mode":"","_global_stock_cap":"","_tribe_rsvp_for_event":"","_tribe_ticket_going_count":"","_tribe_ticket_not_going_count":"","_tribe_tickets_list":"[]","_tribe_ticket_has_attendee_info_fields":false,"footnotes":""},"class_list":["post-2297","page","type-page","status-publish","hentry"],"_links":{"self":[{"href":"https:\/\/maranatha-conversion.com\/hr\/wp-json\/wp\/v2\/pages\/2297","targetHints":{"allow":["GET"]}}],"collection":[{"href":"https:\/\/maranatha-conversion.com\/hr\/wp-json\/wp\/v2\/pages"}],"about":[{"href":"https:\/\/maranatha-conversion.com\/hr\/wp-json\/wp\/v2\/types\/page"}],"author":[{"embeddable":true,"href":"https:\/\/maranatha-conversion.com\/hr\/wp-json\/wp\/v2\/users\/2"}],"replies":[{"embeddable":true,"href":"https:\/\/maranatha-conversion.com\/hr\/wp-json\/wp\/v2\/comments?post=2297"}],"version-history":[{"count":1,"href":"https:\/\/maranatha-conversion.com\/hr\/wp-json\/wp\/v2\/pages\/2297\/revisions"}],"predecessor-version":[{"id":2298,"href":"https:\/\/maranatha-conversion.com\/hr\/wp-json\/wp\/v2\/pages\/2297\/revisions\/2298"}],"wp:attachment":[{"href":"https:\/\/maranatha-conversion.com\/hr\/wp-json\/wp\/v2\/media?parent=2297"}],"curies":[{"name":"wp","href":"https:\/\/api.w.org\/{rel}","templated":true}]}}