{"id":2672,"date":"2019-02-08T09:08:02","date_gmt":"2019-02-08T09:08:02","guid":{"rendered":"https:\/\/maranatha-conversion.com\/?page_id=2672"},"modified":"2019-02-21T00:14:21","modified_gmt":"2019-02-20T23:14:21","slug":"kuldetesunk","status":"publish","type":"page","link":"https:\/\/maranatha-conversion.com\/hu\/kuldetesunk\/","title":{"rendered":"K\u00fcldet\u00e9s\u00fcnk"},"content":{"rendered":"<p><div class=\"fusion-fullwidth fullwidth-box fusion-builder-row-1 fusion-flex-container nonhundred-percent-fullwidth non-hundred-percent-height-scrolling\" style=\"--awb-border-radius-top-left:0px;--awb-border-radius-top-right:0px;--awb-border-radius-bottom-right:0px;--awb-border-radius-bottom-left:0px;--awb-background-color:#dca960;--awb-flex-wrap:wrap;\" id=\"page-header\" ><div class=\"fusion-builder-row fusion-row fusion-flex-align-items-flex-start fusion-flex-content-wrap\" style=\"max-width:calc( 1260px + 0px );margin-left: calc(-0px \/ 2 );margin-right: calc(-0px \/ 2 );\"><div class=\"fusion-layout-column fusion_builder_column fusion-builder-column-0 fusion_builder_column_1_1 1_1 fusion-flex-column\" style=\"--awb-bg-size:cover;--awb-width-large:100%;--awb-margin-top-large:0px;--awb-spacing-right-large:0px;--awb-margin-bottom-large:20px;--awb-spacing-left-large:0px;--awb-width-medium:100%;--awb-spacing-right-medium:0px;--awb-spacing-left-medium:0px;--awb-width-small:100%;--awb-spacing-right-small:0px;--awb-spacing-left-small:0px;\"><div class=\"fusion-column-wrapper fusion-flex-justify-content-flex-start fusion-content-layout-column\"><div class=\"fusion-separator fusion-full-width-sep\" style=\"align-self: center;margin-left: auto;margin-right: auto;margin-top:20px;width:100%;\"><\/div><div class=\"fusion-title title fusion-title-1 fusion-sep-none fusion-title-center fusion-title-text fusion-title-size-one\" id=\"page-title\"><h1 class=\"fusion-title-heading title-heading-center fusion-responsive-typography-calculated\" style=\"margin:0;--fontSize:34;line-height:1.4;\">K\u00fcldet\u00e9s\u00fcnk<\/h1><\/div><\/div><\/div><\/div><\/div><div class=\"fusion-fullwidth fullwidth-box fusion-builder-row-2 fusion-flex-container nonhundred-percent-fullwidth non-hundred-percent-height-scrolling\" style=\"--awb-border-radius-top-left:0px;--awb-border-radius-top-right:0px;--awb-border-radius-bottom-right:0px;--awb-border-radius-bottom-left:0px;--awb-flex-wrap:wrap;\" ><div class=\"fusion-builder-row fusion-row fusion-flex-align-items-flex-start fusion-flex-content-wrap\" style=\"max-width:calc( 1260px + 0px );margin-left: calc(-0px \/ 2 );margin-right: calc(-0px \/ 2 );\"><div class=\"fusion-layout-column fusion_builder_column fusion-builder-column-1 fusion_builder_column_1_1 1_1 fusion-flex-column\" style=\"--awb-bg-size:cover;--awb-width-large:100%;--awb-margin-top-large:0px;--awb-spacing-right-large:0px;--awb-margin-bottom-large:0px;--awb-spacing-left-large:0px;--awb-width-medium:100%;--awb-spacing-right-medium:0px;--awb-spacing-left-medium:0px;--awb-width-small:100%;--awb-spacing-right-small:0px;--awb-spacing-left-small:0px;\"><div class=\"fusion-column-wrapper fusion-flex-justify-content-flex-start fusion-content-layout-column\"><div class=\"fusion-separator fusion-full-width-sep\" style=\"align-self: center;margin-left: auto;margin-right: auto;margin-top:50px;width:100%;\"><\/div><div class=\"fusion-text fusion-text-1\"><p><strong>Egy\u00fcttm\u0171k\u00f6d\u00e9si felh\u00edv\u00e1s minden j\u00f3 akarat\u00fa, b\u00e1rmely felekezethez tartoz\u00f3 emberhez az\u00e9rt, hogy k\u00f6zbenj\u00e1rjon az emberi sz\u00edv \u00e9s a vil\u00e1g gy\u00f3gyul\u00e1s\u00e1\u00e9rt.<\/strong><\/p>\n<p>Hogyan lehet legy\u0151zni a benn\u00fcnket k\u00f6r\u00fclvev\u0151 rosszat\u00a0? Hogyan lehet el\u0171zni azt a hom\u00e1lyt, amely n\u00e9ha m\u00e9g a saj\u00e1t sz\u00edv\u00fcnket is be\u00e1rny\u00e9kolja, \u00e9s m\u00e9gcsak nem is tudunk r\u00f3la\u00a0? Hogyan kezdj\u00fck el azt a j\u00f3t, amir\u0151l \u00e1lmodunk, hogy majd megval\u00f3sul itt a vil\u00e1gban\u00a0? Hogyan hagyjuk abba a fej\u00fcnk lehorgaszt\u00e1s\u00e1t, hogyan ne \u00e9rezz\u00fck t\u00f6bb\u00e9 magunkat tehetetlennek a terjed\u0151 rosszal szemben, amely csak halad el\u0151re a maga \u00fatj\u00e1n \u00e9s vezeti a vil\u00e1got,\u00a0 hogy egyszer majd lerombolja\u00a0? K\u00e9s\u0151 van, nem tehet\u00fcnk t\u00f6bb\u00e9 \u00fagy, hogy majd csak minden megold\u00f3dik mag\u00e1t\u00f3l. De akkor hogyan tal\u00e1lhatjuk meg a m\u00f3dj\u00e1t annak elkezd\u00e9s\u00e9re, ameit Ferenc p\u00e1pa aj\u00e1nl \u2013 \u00e9s amit a kor\u00e1bbi p\u00e1p\u00e1k is sz\u00fcntelen\u00fcl aj\u00e1nlottak megold\u00e1sk\u00e9nt?<\/p>\n<p>Mindaz, ami sz\u00e9p, \u00e9s a l\u00e1that\u00f3 vil\u00e1gban l\u00e9tezik, el\u0151sz\u00f6r a l\u00e1thatalanban sz\u00fcletett meg egy gondolat, egy ima, egy \u00e1lom form\u00e1j\u00e1ban&#8230; Ez a \u00ab\u00a03. vil\u00e1gh\u00e1bor\u00fa\u00a0\u00bb, amelyben jelenleg \u00e9l\u00fcnk, \u00e9s amir\u0151l Ferenc p\u00e1pa is besz\u00e9l, ez is a l\u00e1thatatlan vil\u00e1gban sz\u00fcletett meg miel\u0151tt a l\u00e1that\u00f3 vil\u00e1gban puszt\u00edtani kezdett volna. Engedt\u00fck, hogy a hal\u00e1l kult\u00far\u00e1ja l\u00e9pjen a szeretet kult\u00far\u00e1j\u00e1nak hely\u00e9be. Vil\u00e1gos, hogy lelki \u00e9rtelemben vett h\u00e1bor\u00faban \u00e1llunk, \u00e9s meg kell tal\u00e1ljuk a m\u00f3dj\u00e1t, hogyan sz\u00e1llhatunk szembe vele lelki fegyverekkel, mert egyed\u00fcl csak ezek lesznek f\u00e9lelmetesen hat\u00e9konyak. A probl\u00e9ma m\u00e1r vil\u00e1gszint\u0171, keat\u00edvnak kell lenn\u00fcnk, \u00e9s meg kell tal\u00e1lnunk a v\u00e1lsz lehet\u0151s\u00e9get vil\u00e1gszinten. \u00c9bredj\u00fcnk fel, egyes\u00edts\u00fck er\u0151inket, tal\u00e1ljuk meg annak a m\u00f3dj\u00e1t, hogyan tal\u00e1lkozhat rendszeren minden j\u00f3 akarat\u00fa f\u00e9rfi \u00e9s n\u0151, vall\u00e1si hovatartoz\u00e1st\u00f3l f\u00fcggetlen\u00fcl\u00a0! Legy\u00fcnk er\u0151sebbek, mint az a gonosz, amely nemcsak a f\u00f6ldi \u00e9letet akarja megsemmis\u00edteni, hanem az eg\u00e9sz bolyg\u00f3t\u00a0! Vegy\u00fck el\u0151 Jerik\u00f3 k\u00fcrtjeit, \u00e9s gy\u00fclekezz\u00fcnk f\u00e1radhatatlanul, hogy led\u00f6nthess\u00fck a gonosz emelte falakat\u00a0! Ne f\u00e9lj\u00fcnk egym\u00e1st\u00f3l, ne f\u00e9lj\u00fcnk egy\u00fctt keresni megold\u00e1sokat im\u00e1ban egyes\u00edtve sz\u00edveinket. B\u00e1rmi legyen is a kifejez\u00e9sm\u00f3dunk, j\u00e1rjunk k\u00f6zbe az emberi sz\u00edv \u00e9s az emberis\u00e9g gy\u00f3gyul\u00e1s\u00e1\u00e9rt\u00a0! Ne f\u00e9lj\u00fcnk keresni \u00e9s megosztani azt a szeretetet, amely\u00e9rt teremtett\u00fcnk, \u00e9s ami minden l\u00e9tez\u00e9s c\u00e9lja!<\/p>\n<p>Ne feledj\u00fck, hogy mindannyian k\u00fcl\u00f6nb\u00f6z\u0151ek vagyunk, \u00e9s tisztelj\u00fck a vil\u00e1g minden lak\u00f3j\u00e1nak vall\u00e1sszabads\u00e1g\u00e1t ! Egy\u00e1ltal\u00e1n nem egy olyan mozgalomr\u00f3l van sz\u00f3, amely csak egyetlen vil\u00e1gvall\u00e1sban gondolkodna, mindez ellent\u00e9tes lenne a k\u00edv\u00e1nt elj\u00e1r\u00e1ssal. Az a l\u00e9nyeg, hogy minden egyes ember elinduljon, hogy \u00ab tal\u00e1lkozzon Isten szeretet\u00e9vel \u00bb, mert \u00edgy kiny\u00edlhat a szem\u00fcnk \u00e9s a sz\u00edv\u00fcnk, \u00e9s lehet\u0151s\u00e9g\u00fcnk lesz konkr\u00e9t megold\u00e1sok v\u00e9ghezvitel\u00e9re, olyan tervek v\u00e9ghezvitel\u00e9re, amelyeken minden olyan j\u00f3 akarat\u00fa ember egy\u00fctt dolgozik majd, aki \u00e9rzi erre a h\u00edv\u00e1st.<\/p>\n<p>Igyekezn\u00fcnk kell el\u00e9rni a kritikus t\u00f6meget, amely ahhoz sz\u00fcks\u00e9ges, hogy a m\u00e9rleg nyelv\u00e9t a j\u00f3 ir\u00e1nyba billents\u00fck, hogy \u00edgy azt\u00e1n mind\u00f6r\u00f6kre megsemmis\u00edts\u00fck azt, ami b\u00e1rmilyen form\u00e1ban is puszt\u00edtja az \u00c9letet. Ez az alapvet\u0151 c\u00e9lkit\u0171z\u00e9s\u00fcnk. Meggy\u0151z\u0151d\u00e9s\u00fcnk, hogy mindez lehets\u00e9ges, tudat\u00e1ban vagyunk a v\u00e1llakoz\u00e1s \u0151r\u00fclt \u00e9s neh\u00e9z mivolt\u00e1nak, de azt is tudjuk, ha nem v\u00e1llalunk semmit, semmilyen m\u00e1s megold\u00e1s nem fog mag\u00e1t\u00f3l el\u0151\u00e1llni. A megold\u00e1sok csak akkor j\u00f6nnek, ha a f\u00f6ld lak\u00f3inak legnagyobb r\u00e9sze v\u00e9gre r\u00e1\u00e9bred, hogy csak a lelki fegyverek fogj\u00e1k legy\u0151zni a benn\u00fcnket \u00e1tj\u00e1r\u00f3 s\u00f6t\u00e9ts\u00e9get ; \u00e9s ezek a fegyverek, az \u0151 kez\u00fckben, az \u0151 sz\u00edv\u00fckben vannak&#8230; nem pedig az olyan vezet\u0151k kez\u00e9ben, akik mindent meg\u00edg\u00e9rnek, de azt\u00e1n k\u00e9ptelenek megold\u00e1st tal\u00e1lni, vagy olyanok, akik nagyon gyakran egyre ink\u00e1bb csak rombol\u00f3 javaslatokkal \u00e1llnak el\u0151.<\/p>\n<p>Minden vall\u00e1s minden h\u00edv\u0151j\u00e9nek vall\u00e1si hovatartoz\u00e1s\u00e1t m\u00e9lyen tiszteletbe tartva h\u00edvunk mindenkit, hogy egy\u00fctt \u00e9p\u00edts\u00fcnk egy olyan vil\u00e1got, ahol a Hit, a Rem\u00e9ny \u00e9s a Szeretet uralkodik.<\/p>\n<p>Egyes\u00edts\u00fck sz\u00edveinket, egyes\u00edts\u00fck lelk\u00fcnket\u00a0! A m\u00e1r l\u00e9tez\u0151 csoportok is csatlakozzanak hozz\u00e1nk\u00a0! Vagy ismer\u0151seikkel hozzanak l\u00e9tre egy \u00ab\u00a0Maranaton\u00a0\u00bb csoportot az \u00f6n\u00f6kh\u00f6z k\u00f6zeli lelkis\u00e9gi k\u00f6zpontban\u00a0!<\/p>\n<p>\u00c9bredj\u00fcnk fel, k\u00f6telez\u0151dj\u00fcnk el!<\/p>\n<p><em>\u00ab Ez\u00e9rt mondom nektek, hogy ha im\u00e1dkoztok \u00e9s k\u00f6ny\u00f6r\u00f6gt\u00f6k valami\u00e9rt, higgy\u00e9tek, hogy megkapj\u00e1tok, \u00e9s akkor val\u00f3ban teljes\u00fcl k\u00e9r\u00e9setek.\u00a0\u00bb Mk 11,24<\/em><\/p>\n<p style=\"text-align: right;\"><em>Sabrina Covic Radojicic<\/em><\/p>\n<p><div class=\"fusion-fullwidth fullwidth-box fusion-builder-row-2-1 fusion-flex-container nonhundred-percent-fullwidth non-hundred-percent-height-scrolling\" style=\"--awb-border-radius-top-left:0px;--awb-border-radius-top-right:0px;--awb-border-radius-bottom-right:0px;--awb-border-radius-bottom-left:0px;--awb-flex-wrap:wrap;\" ><\/div><div class=\"fusion-builder-row fusion-row fusion-flex-align-items-flex-start fusion-flex-content-wrap\" style=\"max-width:calc( 1260px + 0px );margin-left: calc(-0px \/ 2 );margin-right: calc(-0px \/ 2 );\"><\/div><\/p>\n<\/div><\/div><\/div><\/div><\/div><div class=\"fusion-fullwidth fullwidth-box fusion-builder-row-3 fusion-flex-container nonhundred-percent-fullwidth non-hundred-percent-height-scrolling\" style=\"--awb-border-radius-top-left:0px;--awb-border-radius-top-right:0px;--awb-border-radius-bottom-right:0px;--awb-border-radius-bottom-left:0px;--awb-flex-wrap:wrap;\" ><div class=\"fusion-builder-row fusion-row fusion-flex-align-items-flex-start fusion-flex-content-wrap\" style=\"max-width:1310.4px;margin-left: calc(-4% \/ 2 );margin-right: calc(-4% \/ 2 );\"><div class=\"fusion-layout-column fusion_builder_column fusion-builder-column-2 fusion_builder_column_1_1 1_1 fusion-flex-column\" style=\"--awb-bg-size:cover;--awb-width-large:100%;--awb-margin-top-large:0px;--awb-spacing-right-large:1.92%;--awb-margin-bottom-large:0px;--awb-spacing-left-large:1.92%;--awb-width-medium:100%;--awb-spacing-right-medium:1.92%;--awb-spacing-left-medium:1.92%;--awb-width-small:100%;--awb-spacing-right-small:1.92%;--awb-spacing-left-small:1.92%;\"><div class=\"fusion-column-wrapper fusion-flex-justify-content-flex-start fusion-content-layout-column\"><div class=\"fusion-content-boxes content-boxes columns row fusion-columns-3 fusion-columns-total-3 fusion-content-boxes-1 content-boxes-icon-on-top content-left\" style=\"--awb-iconcolor:#dca960;--awb-hover-accent-color:#dca960;--awb-circle-hover-accent-color:transparent;\" data-animationOffset=\"top-into-view\"><div style=\"--awb-backgroundcolor:rgba(255,255,255,0);--awb-iconcolor:#dca960;\" class=\"fusion-column content-box-column content-box-column content-box-column-1 col-lg-4 col-md-4 col-sm-4 fusion-content-box-hover content-box-column-first-in-row\"><div class=\"col content-box-wrapper content-wrapper link-area-box link-type-text icon-hover-animation-fade\" data-link=\"notre-mission\/\" data-link-target=\"_self\" data-animationOffset=\"top-into-view\"><div class=\"heading heading-with-icon icon-left\"><a class=\"heading-link\" href=\"notre-mission\/\" target=\"_self\"><div class=\"icon\"><i style=\"border-color:rgba(255,255,255,0);border-width:0px;background-color:rgba(255,255,255,0);box-sizing:content-box;height:72px;width:72px;line-height:72px;border-radius:50%;font-size:36px;\" aria-hidden=\"true\" class=\"fontawesome-icon fa-child fas circle-yes\"><\/i><\/div><h2 class=\"content-box-heading fusion-responsive-typography-calculated\" style=\"--h2_typography-font-size:24px;--fontSize:24;line-height:1.3;\">K\u00fcldet\u00e9s\u00fcnk<\/h2><\/a><\/div><\/div><\/div><div style=\"--awb-backgroundcolor:rgba(255,255,255,0);--awb-iconcolor:#dca960;\" class=\"fusion-column content-box-column content-box-column content-box-column-2 col-lg-4 col-md-4 col-sm-4 fusion-content-box-hover \"><div class=\"col content-box-wrapper content-wrapper link-area-box link-type-text icon-hover-animation-fade\" data-link=\"les-maranathons\/\" data-link-target=\"_self\" data-animationOffset=\"top-into-view\"><div class=\"heading heading-with-icon icon-left\"><a class=\"heading-link\" href=\"les-maranathons\/\" target=\"_self\"><div class=\"icon\"><i style=\"border-color:rgba(255,255,255,0);border-width:0px;background-color:rgba(255,255,255,0);box-sizing:content-box;height:72px;width:72px;line-height:72px;border-radius:50%;font-size:36px;\" aria-hidden=\"true\" class=\"fontawesome-icon fa-globe-americas fas circle-yes\"><\/i><\/div><h2 class=\"content-box-heading fusion-responsive-typography-calculated\" style=\"--h2_typography-font-size:24px;--fontSize:24;line-height:1.3;\">A Maranatonok<\/h2><\/a><\/div><\/div><\/div><div style=\"--awb-backgroundcolor:rgba(255,255,255,0);--awb-iconcolor:#dca960;\" class=\"fusion-column content-box-column content-box-column content-box-column-3 col-lg-4 col-md-4 col-sm-4 fusion-content-box-hover content-box-column-last content-box-column-last-in-row\"><div class=\"col content-box-wrapper content-wrapper link-area-box link-type-text icon-hover-animation-fade\" data-link=\"nous-soutenir\/\" data-link-target=\"_self\" data-animationOffset=\"top-into-view\"><div class=\"heading heading-with-icon icon-left\"><a class=\"heading-link\" href=\"nous-soutenir\/\" target=\"_self\"><div class=\"icon\"><i style=\"border-color:rgba(255,255,255,0);border-width:0px;background-color:rgba(255,255,255,0);box-sizing:content-box;height:72px;width:72px;line-height:72px;border-radius:50%;font-size:36px;\" aria-hidden=\"true\" class=\"fontawesome-icon fa-envira fab circle-yes\"><\/i><\/div><h2 class=\"content-box-heading fusion-responsive-typography-calculated\" style=\"--h2_typography-font-size:24px;--fontSize:24;line-height:1.3;\">T\u00e1mogat\u00e1s<\/h2><\/a><\/div><\/div><\/div><div class=\"fusion-clearfix\"><\/div><\/div><\/div><\/div><\/div><\/div>\n<\/p>\n","protected":false},"excerpt":{"rendered":"","protected":false},"author":2,"featured_media":0,"parent":0,"menu_order":0,"comment_status":"closed","ping_status":"closed","template":"100-width.php","meta":{"_price":"","_stock":"","_tribe_ticket_header":"","_tribe_default_ticket_provider":"","_tribe_ticket_capacity":"0","_ticket_start_date":"","_ticket_end_date":"","_tribe_ticket_show_description":"","_tribe_ticket_show_not_going":false,"_tribe_ticket_use_global_stock":"","_tribe_ticket_global_stock_level":"","_global_stock_mode":"","_global_stock_cap":"","_tribe_rsvp_for_event":"","_tribe_ticket_going_count":"","_tribe_ticket_not_going_count":"","_tribe_tickets_list":"[]","_tribe_ticket_has_attendee_info_fields":false,"footnotes":""},"class_list":["post-2672","page","type-page","status-publish","hentry"],"_links":{"self":[{"href":"https:\/\/maranatha-conversion.com\/hu\/wp-json\/wp\/v2\/pages\/2672","targetHints":{"allow":["GET"]}}],"collection":[{"href":"https:\/\/maranatha-conversion.com\/hu\/wp-json\/wp\/v2\/pages"}],"about":[{"href":"https:\/\/maranatha-conversion.com\/hu\/wp-json\/wp\/v2\/types\/page"}],"author":[{"embeddable":true,"href":"https:\/\/maranatha-conversion.com\/hu\/wp-json\/wp\/v2\/users\/2"}],"replies":[{"embeddable":true,"href":"https:\/\/maranatha-conversion.com\/hu\/wp-json\/wp\/v2\/comments?post=2672"}],"version-history":[{"count":4,"href":"https:\/\/maranatha-conversion.com\/hu\/wp-json\/wp\/v2\/pages\/2672\/revisions"}],"predecessor-version":[{"id":3104,"href":"https:\/\/maranatha-conversion.com\/hu\/wp-json\/wp\/v2\/pages\/2672\/revisions\/3104"}],"wp:attachment":[{"href":"https:\/\/maranatha-conversion.com\/hu\/wp-json\/wp\/v2\/media?parent=2672"}],"curies":[{"name":"wp","href":"https:\/\/api.w.org\/{rel}","templated":true}]}}