{"id":2986,"date":"2019-02-14T15:59:36","date_gmt":"2019-02-14T15:59:36","guid":{"rendered":"https:\/\/maranatha-conversion.com\/?page_id=2986"},"modified":"2019-02-14T15:59:38","modified_gmt":"2019-02-14T15:59:38","slug":"oldalterkep","status":"publish","type":"page","link":"https:\/\/maranatha-conversion.com\/hu\/oldalterkep\/","title":{"rendered":"Oldalt\u00e9rk\u00e9p"},"content":{"rendered":"<p><div class=\"fusion-fullwidth fullwidth-box fusion-builder-row-1 fusion-flex-container nonhundred-percent-fullwidth non-hundred-percent-height-scrolling\" style=\"--awb-border-radius-top-left:0px;--awb-border-radius-top-right:0px;--awb-border-radius-bottom-right:0px;--awb-border-radius-bottom-left:0px;--awb-flex-wrap:wrap;\" ><div class=\"fusion-builder-row fusion-row fusion-flex-align-items-flex-start fusion-flex-content-wrap\" style=\"max-width:calc( 1260px + 0px );margin-left: calc(-0px \/ 2 );margin-right: calc(-0px \/ 2 );\"><div class=\"fusion-layout-column fusion_builder_column fusion-builder-column-0 fusion_builder_column_1_1 1_1 fusion-flex-column\" style=\"--awb-bg-size:cover;--awb-width-large:100%;--awb-margin-top-large:0px;--awb-spacing-right-large:0px;--awb-margin-bottom-large:0px;--awb-spacing-left-large:0px;--awb-width-medium:100%;--awb-spacing-right-medium:0px;--awb-spacing-left-medium:0px;--awb-width-small:100%;--awb-spacing-right-small:0px;--awb-spacing-left-small:0px;\"><div class=\"fusion-column-wrapper fusion-flex-justify-content-flex-start fusion-content-layout-column\"><div class=\"fusion-text fusion-text-1\"><div id=\"simple-sitemap-container-69e860b8111b1\" class=\"simple-sitemap-container simple-sitemap-container-69e860b8111b1 tab-disabled\"><div class=\"simple-sitemap-wrap\"><h3 class=\"post-type\">Oldalak<\/h3><ul class=\"simple-sitemap-page main\"><li class=\"sitemap-item page_item page-item-2698\"><a href=\"https:\/\/maranatha-conversion.com\/hu\/a-maranatonok\/\">A Maranatonok<\/a><\/li>\n<li class=\"sitemap-item page_item page-item-2695\"><a href=\"https:\/\/maranatha-conversion.com\/hu\/a-sakramento-bekekozpont\/\">A Sakramento b\u00e9kek\u00f6zpont<\/a><\/li>\n<li class=\"sitemap-item page_item page-item-2703\"><a href=\"https:\/\/maranatha-conversion.com\/hu\/betania-vendeghaz\/\">Bet\u00e1nia Vend\u00e9gh\u00e1z<\/a><\/li>\n<li class=\"sitemap-item page_item page-item-2856\"><a href=\"https:\/\/maranatha-conversion.com\/hu\/hirek\/\">H\u00edrek<\/a><\/li>\n<li class=\"sitemap-item page_item page-item-2953\"><a href=\"https:\/\/maranatha-conversion.com\/hu\/jogi-nyilatkozat\/\">Jogi Nyilatkozat<\/a><\/li>\n<li class=\"sitemap-item page_item page-item-2852\"><a href=\"https:\/\/maranatha-conversion.com\/hu\/kapcsolat\/\">Kapcsolat<\/a><\/li>\n<li class=\"sitemap-item page_item page-item-1699\"><a href=\"https:\/\/maranatha-conversion.com\/hu\/\">Kezd\u0151lap<\/a><\/li>\n<li class=\"sitemap-item page_item page-item-2677\"><a href=\"https:\/\/maranatha-conversion.com\/hu\/kik-vagyunk\/\">Kik vagyunk<\/a><\/li>\n<li class=\"sitemap-item page_item page-item-2672\"><a href=\"https:\/\/maranatha-conversion.com\/hu\/kuldetesunk\/\">K\u00fcldet\u00e9s\u00fcnk<\/a><\/li>\n<li class=\"sitemap-item page_item page-item-2986\"><a href=\"https:\/\/maranatha-conversion.com\/hu\/oldalterkep\/\">Oldalt\u00e9rk\u00e9p<\/a><\/li>\n<li class=\"sitemap-item page_item page-item-2705\"><a href=\"https:\/\/maranatha-conversion.com\/hu\/retraites-et-pelerinages\/\">Retraites et pelerinages<\/a><\/li>\n<li class=\"sitemap-item page_item page-item-2674\"><a href=\"https:\/\/maranatha-conversion.com\/hu\/tamogatas\/\">T\u00e1mogat\u00e1s<\/a><\/li>\n<\/ul><\/div><\/div><br style=\"clear: both;\">\n<\/div><\/div><\/div><\/div><\/div><div class=\"fusion-fullwidth fullwidth-box fusion-builder-row-2 fusion-flex-container nonhundred-percent-fullwidth non-hundred-percent-height-scrolling\" style=\"--awb-border-radius-top-left:0px;--awb-border-radius-top-right:0px;--awb-border-radius-bottom-right:0px;--awb-border-radius-bottom-left:0px;--awb-flex-wrap:wrap;\" ><div class=\"fusion-builder-row fusion-row fusion-flex-align-items-flex-start fusion-flex-content-wrap\" style=\"max-width:calc( 1260px + 0px );margin-left: calc(-0px \/ 2 );margin-right: calc(-0px \/ 2 );\"><div class=\"fusion-layout-column fusion_builder_column fusion-builder-column-1 fusion_builder_column_1_1 1_1 fusion-flex-column\" style=\"--awb-bg-size:cover;--awb-width-large:100%;--awb-margin-top-large:0px;--awb-spacing-right-large:0px;--awb-margin-bottom-large:0px;--awb-spacing-left-large:0px;--awb-width-medium:100%;--awb-spacing-right-medium:0px;--awb-spacing-left-medium:0px;--awb-width-small:100%;--awb-spacing-right-small:0px;--awb-spacing-left-small:0px;\"><div class=\"fusion-column-wrapper fusion-flex-justify-content-flex-start fusion-content-layout-column\"><div class=\"fusion-text fusion-text-2\"><div class=\"fusion-fullwidth fullwidth-box fusion-builder-row-2-1 fusion-flex-container nonhundred-percent-fullwidth non-hundred-percent-height-scrolling\" style=\"--awb-border-radius-top-left:0px;--awb-border-radius-top-right:0px;--awb-border-radius-bottom-right:0px;--awb-border-radius-bottom-left:0px;--awb-flex-wrap:wrap;\" ><\/div>\n<\/div><\/div><\/div><\/div><\/div><\/p>\n","protected":false},"excerpt":{"rendered":"","protected":false},"author":2,"featured_media":0,"parent":0,"menu_order":0,"comment_status":"closed","ping_status":"closed","template":"","meta":{"_price":"","_stock":"","_tribe_ticket_header":"","_tribe_default_ticket_provider":"","_tribe_ticket_capacity":"0","_ticket_start_date":"","_ticket_end_date":"","_tribe_ticket_show_description":"","_tribe_ticket_show_not_going":false,"_tribe_ticket_use_global_stock":"","_tribe_ticket_global_stock_level":"","_global_stock_mode":"","_global_stock_cap":"","_tribe_rsvp_for_event":"","_tribe_ticket_going_count":"","_tribe_ticket_not_going_count":"","_tribe_tickets_list":"[]","_tribe_ticket_has_attendee_info_fields":false,"footnotes":""},"class_list":["post-2986","page","type-page","status-publish","hentry"],"_links":{"self":[{"href":"https:\/\/maranatha-conversion.com\/hu\/wp-json\/wp\/v2\/pages\/2986","targetHints":{"allow":["GET"]}}],"collection":[{"href":"https:\/\/maranatha-conversion.com\/hu\/wp-json\/wp\/v2\/pages"}],"about":[{"href":"https:\/\/maranatha-conversion.com\/hu\/wp-json\/wp\/v2\/types\/page"}],"author":[{"embeddable":true,"href":"https:\/\/maranatha-conversion.com\/hu\/wp-json\/wp\/v2\/users\/2"}],"replies":[{"embeddable":true,"href":"https:\/\/maranatha-conversion.com\/hu\/wp-json\/wp\/v2\/comments?post=2986"}],"version-history":[{"count":2,"href":"https:\/\/maranatha-conversion.com\/hu\/wp-json\/wp\/v2\/pages\/2986\/revisions"}],"predecessor-version":[{"id":3201,"href":"https:\/\/maranatha-conversion.com\/hu\/wp-json\/wp\/v2\/pages\/2986\/revisions\/3201"}],"wp:attachment":[{"href":"https:\/\/maranatha-conversion.com\/hu\/wp-json\/wp\/v2\/media?parent=2986"}],"curies":[{"name":"wp","href":"https:\/\/api.w.org\/{rel}","templated":true}]}}