{"id":2493,"date":"2019-02-06T09:25:29","date_gmt":"2019-02-06T09:25:29","guid":{"rendered":"https:\/\/maranatha-conversion.com\/?page_id=2493"},"modified":"2019-02-13T11:26:34","modified_gmt":"2019-02-13T11:26:34","slug":"la-nostra-missione","status":"publish","type":"page","link":"https:\/\/maranatha-conversion.com\/it\/la-nostra-missione\/","title":{"rendered":"La nostra missione"},"content":{"rendered":"<p><div class=\"fusion-fullwidth fullwidth-box fusion-builder-row-1 fusion-flex-container nonhundred-percent-fullwidth non-hundred-percent-height-scrolling\" style=\"--awb-border-radius-top-left:0px;--awb-border-radius-top-right:0px;--awb-border-radius-bottom-right:0px;--awb-border-radius-bottom-left:0px;--awb-background-color:#dca960;--awb-flex-wrap:wrap;\" id=\"page-header\" ><div class=\"fusion-builder-row fusion-row fusion-flex-align-items-flex-start fusion-flex-content-wrap\" style=\"max-width:calc( 1260px + 0px );margin-left: calc(-0px \/ 2 );margin-right: calc(-0px \/ 2 );\"><div class=\"fusion-layout-column fusion_builder_column fusion-builder-column-0 fusion_builder_column_1_1 1_1 fusion-flex-column\" style=\"--awb-bg-size:cover;--awb-width-large:100%;--awb-margin-top-large:0px;--awb-spacing-right-large:0px;--awb-margin-bottom-large:20px;--awb-spacing-left-large:0px;--awb-width-medium:100%;--awb-spacing-right-medium:0px;--awb-spacing-left-medium:0px;--awb-width-small:100%;--awb-spacing-right-small:0px;--awb-spacing-left-small:0px;\"><div class=\"fusion-column-wrapper fusion-flex-justify-content-flex-start fusion-content-layout-column\"><div class=\"fusion-separator fusion-full-width-sep\" style=\"align-self: center;margin-left: auto;margin-right: auto;margin-top:20px;width:100%;\"><\/div><div class=\"fusion-title title fusion-title-1 fusion-sep-none fusion-title-center fusion-title-text fusion-title-size-one\" id=\"page-title\"><h1 class=\"fusion-title-heading title-heading-center fusion-responsive-typography-calculated\" style=\"margin:0;--fontSize:34;line-height:1.4;\">La nostra missione<\/h1><\/div><\/div><\/div><\/div><\/div><div class=\"fusion-fullwidth fullwidth-box fusion-builder-row-2 fusion-flex-container nonhundred-percent-fullwidth non-hundred-percent-height-scrolling\" style=\"--awb-border-radius-top-left:0px;--awb-border-radius-top-right:0px;--awb-border-radius-bottom-right:0px;--awb-border-radius-bottom-left:0px;--awb-flex-wrap:wrap;\" ><div class=\"fusion-builder-row fusion-row fusion-flex-align-items-flex-start fusion-flex-content-wrap\" style=\"max-width:calc( 1260px + 0px );margin-left: calc(-0px \/ 2 );margin-right: calc(-0px \/ 2 );\"><div class=\"fusion-layout-column fusion_builder_column fusion-builder-column-1 fusion_builder_column_1_1 1_1 fusion-flex-column\" style=\"--awb-bg-size:cover;--awb-width-large:100%;--awb-margin-top-large:0px;--awb-spacing-right-large:0px;--awb-margin-bottom-large:0px;--awb-spacing-left-large:0px;--awb-width-medium:100%;--awb-spacing-right-medium:0px;--awb-spacing-left-medium:0px;--awb-width-small:100%;--awb-spacing-right-small:0px;--awb-spacing-left-small:0px;\"><div class=\"fusion-column-wrapper fusion-flex-justify-content-flex-start fusion-content-layout-column\"><div class=\"fusion-separator fusion-full-width-sep\" style=\"align-self: center;margin-left: auto;margin-right: auto;margin-top:50px;width:100%;\"><\/div><div class=\"fusion-text fusion-text-1\"><p><strong>Invitare tutte le persone di buona volont\u00e0, di ogni tradizione spirituale, a collaborare e a intercedere per la guarigione del cuore dell\u2019uomo e la guarigione del mondo.<\/strong><\/p>\n<p>Come fare per vincere il male che ci circonda? Come scacciare le tenebre che si nascondono a volte nel nostro cuore e di cui spesso non ci rendiamo conto? Come iniziare a diventare il bene che sogniamo di stabilire nel mondo? Come smettere di battersi la testa e sentirsi impotenti davanti al male che si diffonde, che avanza per dominare il mondo e distruggerlo? La questione \u00e8 urgente, non possiamo pi\u00f9 pensare che tutto si risolva da s\u00e9. Ma allora come trovare i mezzi per mettere in atto ci\u00f2 che papa Francesco ci propone \u2013 e che anche i papi precedenti continuavano a proporre come soluzione?<\/p>\n<p>Tutto ci\u00f2 che \u00e8 bello e che esiste nel mondo visibile \u00e8 nato nell\u2019invisibile, sotto forma di un\u2019idea, di una preghiera, di un sogno\u2026 Questa \u201cterza guerra mondiale combattuta a pezzi\u201d, che viviamo ogni giorno e di cui parla papa Francesco, \u00e8 anch\u2019essa nata nell\u2019invisibile prima di provocare danni nel mondo visibile. Abbiamo permesso a una civilt\u00e0 di morte di sostituirsi a una civilt\u00e0 dell\u2019amore. Sul piano spirituale siamo chiaramente in guerra; per affrontarla dobbiamo ricorrere alle armi spirituali, le sole in grado di rivelarsi efficaci. Poich\u00e9 il problema riguarda ormai tutto il pianeta, dobbiamo essere creativi e trovare il modo per rispondere a livello mondiale, globale. Svegliamoci, incontriamoci, troviamo il modo di incontrare regolarmente uomini e donne di buona volont\u00e0, indipendentemente dalle nostre tradizioni religiose! Dobbiamo essere pi\u00f9 forti del male che vuole distruggere la vita e tutto il pianeta. Tiriamo fuori le nostre trombe di Gerico e continuiamo a riunirci per far crollare i muri eretti dal male! Non abbiamo paura dell\u2019altro, cerchiamo insieme soluzioni, uniamo i nostri cuori nella preghiera, di qualsiasi forma, per la guarigione del cuore umano, la guarigione dell\u2019umanit\u00e0! Non abbiamo paura di cercare e condividere l\u2019amore per il quale siamo stati creati, e che \u00e8 il fine della nostra esistenza!<\/p>\n<p>Siamo consapevoli delle nostre diversit\u00e0, quindi rispettiamo la dignit\u00e0 dell\u2019espressione religiosa di tutti gli abitanti del mondo. Non siamo affatto un movimento sincretico secondo il quale dev\u2019esserci una sola religione al mondo; questo sarebbe l\u2019esatto contrario di quest\u2019iniziativa. Ci\u00f2 che conta \u00e8 che ognuno si metta in cammino per fare personalmente l\u2019esperienza dell\u2019amore di Dio, che ci fa aprire gli occhi e attuare soluzioni concrete, progetti sui quali lavorino insieme tutte le persone volenterose che si sentano chiamate a tal fine.<\/p>\n<p>Dobbiamo puntare alla massa critica, necessaria per far pendere l\u2019ago della bilancia verso il bene, per annientare per sempre ci\u00f2 che distrugge la vita, sotto ogni forma. Questo \u00e8 il nostro obiettivo fondamentale. Siamo convinti che sia realizzabile. Siamo consapevoli che si tratta di un\u2019impresa difficile, folle, ma anche che se non facciamo nulla, nessuna soluzione verr\u00e0 da s\u00e9. Le soluzioni verranno se tante persone, quante pi\u00f9 possibili nel mondo, si renderanno conto che solo con le armi spirituali si possoni sconfiggere le tenebre che ci invadono; e che tali armi spirituali sono nelle loro mani, nei loro cuori\u2026 e non nelle mani di direttori che promettono tutto ma sono incapaci di trovare soluzioni o che, troppo spesso, propongono iniziative sempre pi\u00f9 distruttrici.<\/p>\n<p>Con profondo rispetto per l\u2019identit\u00e0 religiosa di ogni credente, che \u00e8 al centro di tutte le religioni, vi invitiamo a costruire insieme un mondo in cui regnino la fede, la Speranza e la Carit\u00e0.<\/p>\n<p>Uniamoci con il cuore, uniamoci spiritualmente! Unitevi a noi con un gruppo gi\u00e0 esistente! Oppure create con i vostri amici una \u201cMaranatona\u201d in un centro spirituale vicino a voi!<\/p>\n<p>Svegliamoci, impegniamoci!<\/p>\n<p><em>Per questo vi dico: tutto quello che chiederete nella preghiera, abbiate fede di averlo ottenuto e vi accadr\u00e0\u201d (Marco 11, 24)<\/em><\/p>\n<p style=\"text-align: right;\"><em>Sabrina Covic Radojicic<\/em><\/p>\n<p><div class=\"fusion-fullwidth fullwidth-box fusion-builder-row-2-1 fusion-flex-container nonhundred-percent-fullwidth non-hundred-percent-height-scrolling\" style=\"--awb-border-radius-top-left:0px;--awb-border-radius-top-right:0px;--awb-border-radius-bottom-right:0px;--awb-border-radius-bottom-left:0px;--awb-flex-wrap:wrap;\" ><\/div><div class=\"fusion-builder-row fusion-row fusion-flex-align-items-flex-start fusion-flex-content-wrap\" style=\"max-width:calc( 1260px + 0px );margin-left: calc(-0px \/ 2 );margin-right: calc(-0px \/ 2 );\"><\/div><\/p>\n<\/div><\/div><\/div><\/div><\/div><div class=\"fusion-fullwidth fullwidth-box fusion-builder-row-3 fusion-flex-container nonhundred-percent-fullwidth non-hundred-percent-height-scrolling\" style=\"--awb-border-radius-top-left:0px;--awb-border-radius-top-right:0px;--awb-border-radius-bottom-right:0px;--awb-border-radius-bottom-left:0px;--awb-flex-wrap:wrap;\" ><div class=\"fusion-builder-row fusion-row fusion-flex-align-items-flex-start fusion-flex-content-wrap\" style=\"max-width:1310.4px;margin-left: calc(-4% \/ 2 );margin-right: calc(-4% \/ 2 );\"><div class=\"fusion-layout-column fusion_builder_column fusion-builder-column-2 fusion_builder_column_1_1 1_1 fusion-flex-column\" style=\"--awb-bg-size:cover;--awb-width-large:100%;--awb-margin-top-large:0px;--awb-spacing-right-large:1.92%;--awb-margin-bottom-large:0px;--awb-spacing-left-large:1.92%;--awb-width-medium:100%;--awb-spacing-right-medium:1.92%;--awb-spacing-left-medium:1.92%;--awb-width-small:100%;--awb-spacing-right-small:1.92%;--awb-spacing-left-small:1.92%;\"><div class=\"fusion-column-wrapper fusion-flex-justify-content-flex-start fusion-content-layout-column\"><div class=\"fusion-content-boxes content-boxes columns row fusion-columns-3 fusion-columns-total-3 fusion-content-boxes-1 content-boxes-icon-on-top content-left\" style=\"--awb-iconcolor:#dca960;--awb-hover-accent-color:#dca960;--awb-circle-hover-accent-color:transparent;\" data-animationOffset=\"top-into-view\"><div style=\"--awb-backgroundcolor:rgba(255,255,255,0);--awb-iconcolor:#dca960;\" class=\"fusion-column content-box-column content-box-column content-box-column-1 col-lg-4 col-md-4 col-sm-4 fusion-content-box-hover content-box-column-first-in-row\"><div class=\"col content-box-wrapper content-wrapper link-area-box link-type-text icon-hover-animation-fade\" data-link=\"la-nostra-missione \/\" data-link-target=\"_self\" data-animationOffset=\"top-into-view\"><div class=\"heading heading-with-icon icon-left\"><a class=\"heading-link\" href=\"la-nostra-missione \/\" target=\"_self\"><div class=\"icon\"><i style=\"border-color:rgba(255,255,255,0);border-width:0px;background-color:rgba(255,255,255,0);box-sizing:content-box;height:72px;width:72px;line-height:72px;border-radius:50%;font-size:36px;\" aria-hidden=\"true\" class=\"fontawesome-icon fa-child fas circle-yes\"><\/i><\/div><h2 class=\"content-box-heading fusion-responsive-typography-calculated\" style=\"--h2_typography-font-size:24px;--fontSize:24;line-height:1.3;\">La nostra missione <\/h2><\/a><\/div><\/div><\/div><div style=\"--awb-backgroundcolor:rgba(255,255,255,0);--awb-iconcolor:#dca960;\" class=\"fusion-column content-box-column content-box-column content-box-column-2 col-lg-4 col-md-4 col-sm-4 fusion-content-box-hover \"><div class=\"col content-box-wrapper content-wrapper link-area-box link-type-text icon-hover-animation-fade\" data-link=\"les-maranathons\/\" data-link-target=\"_self\" data-animationOffset=\"top-into-view\"><div class=\"heading heading-with-icon icon-left\"><a class=\"heading-link\" href=\"les-maranathons\/\" target=\"_self\"><div class=\"icon\"><i style=\"border-color:rgba(255,255,255,0);border-width:0px;background-color:rgba(255,255,255,0);box-sizing:content-box;height:72px;width:72px;line-height:72px;border-radius:50%;font-size:36px;\" aria-hidden=\"true\" class=\"fontawesome-icon fa-globe-americas fas circle-yes\"><\/i><\/div><h2 class=\"content-box-heading fusion-responsive-typography-calculated\" style=\"--h2_typography-font-size:24px;--fontSize:24;line-height:1.3;\"> Le Maranatone<\/h2><\/a><\/div><\/div><\/div><div style=\"--awb-backgroundcolor:rgba(255,255,255,0);--awb-iconcolor:#dca960;\" class=\"fusion-column content-box-column content-box-column content-box-column-3 col-lg-4 col-md-4 col-sm-4 fusion-content-box-hover content-box-column-last content-box-column-last-in-row\"><div class=\"col content-box-wrapper content-wrapper link-area-box link-type-text icon-hover-animation-fade\" data-link=\"fai-una-donazione\/\" data-link-target=\"_self\" data-animationOffset=\"top-into-view\"><div class=\"heading heading-with-icon icon-left\"><a class=\"heading-link\" href=\"fai-una-donazione\/\" target=\"_self\"><div class=\"icon\"><i style=\"border-color:rgba(255,255,255,0);border-width:0px;background-color:rgba(255,255,255,0);box-sizing:content-box;height:72px;width:72px;line-height:72px;border-radius:50%;font-size:36px;\" aria-hidden=\"true\" class=\"fontawesome-icon fa-envira fab circle-yes\"><\/i><\/div><h2 class=\"content-box-heading fusion-responsive-typography-calculated\" style=\"--h2_typography-font-size:24px;--fontSize:24;line-height:1.3;\">Fai una donazione<\/h2><\/a><\/div><\/div><\/div><div class=\"fusion-clearfix\"><\/div><\/div><\/div><\/div><\/div><\/div>\n<\/p>\n","protected":false},"excerpt":{"rendered":"","protected":false},"author":2,"featured_media":0,"parent":0,"menu_order":0,"comment_status":"closed","ping_status":"closed","template":"100-width.php","meta":{"_price":"","_stock":"","_tribe_ticket_header":"","_tribe_default_ticket_provider":"","_tribe_ticket_capacity":"0","_ticket_start_date":"","_ticket_end_date":"","_tribe_ticket_show_description":"","_tribe_ticket_show_not_going":false,"_tribe_ticket_use_global_stock":"","_tribe_ticket_global_stock_level":"","_global_stock_mode":"","_global_stock_cap":"","_tribe_rsvp_for_event":"","_tribe_ticket_going_count":"","_tribe_ticket_not_going_count":"","_tribe_tickets_list":"[]","_tribe_ticket_has_attendee_info_fields":false,"footnotes":""},"class_list":["post-2493","page","type-page","status-publish","hentry"],"_links":{"self":[{"href":"https:\/\/maranatha-conversion.com\/it\/wp-json\/wp\/v2\/pages\/2493","targetHints":{"allow":["GET"]}}],"collection":[{"href":"https:\/\/maranatha-conversion.com\/it\/wp-json\/wp\/v2\/pages"}],"about":[{"href":"https:\/\/maranatha-conversion.com\/it\/wp-json\/wp\/v2\/types\/page"}],"author":[{"embeddable":true,"href":"https:\/\/maranatha-conversion.com\/it\/wp-json\/wp\/v2\/users\/2"}],"replies":[{"embeddable":true,"href":"https:\/\/maranatha-conversion.com\/it\/wp-json\/wp\/v2\/comments?post=2493"}],"version-history":[{"count":7,"href":"https:\/\/maranatha-conversion.com\/it\/wp-json\/wp\/v2\/pages\/2493\/revisions"}],"predecessor-version":[{"id":2938,"href":"https:\/\/maranatha-conversion.com\/it\/wp-json\/wp\/v2\/pages\/2493\/revisions\/2938"}],"wp:attachment":[{"href":"https:\/\/maranatha-conversion.com\/it\/wp-json\/wp\/v2\/media?parent=2493"}],"curies":[{"name":"wp","href":"https:\/\/api.w.org\/{rel}","templated":true}]}}