{"id":9467,"date":"2019-01-26T17:03:22","date_gmt":"2019-01-26T17:03:22","guid":{"rendered":"https:\/\/maranatha-conversion.com\/notre-mission\/"},"modified":"2024-07-23T08:55:56","modified_gmt":"2024-07-23T06:55:56","slug":"nossa-missao","status":"publish","type":"page","link":"https:\/\/maranatha-conversion.com\/pt-pt\/nossa-missao\/","title":{"rendered":"Nossa miss\u00e3o"},"content":{"rendered":"<p><div class=\"fusion-fullwidth fullwidth-box fusion-builder-row-1 fusion-flex-container nonhundred-percent-fullwidth non-hundred-percent-height-scrolling\" style=\"--awb-border-radius-top-left:0px;--awb-border-radius-top-right:0px;--awb-border-radius-bottom-right:0px;--awb-border-radius-bottom-left:0px;--awb-background-color:#dca960;--awb-flex-wrap:wrap;\" id=\"page-header\" ><div class=\"fusion-builder-row fusion-row fusion-flex-align-items-flex-start fusion-flex-content-wrap\" style=\"max-width:1310.4px;margin-left: calc(-4% \/ 2 );margin-right: calc(-4% \/ 2 );\"><div class=\"fusion-layout-column fusion_builder_column fusion-builder-column-0 fusion_builder_column_1_1 1_1 fusion-flex-column\" style=\"--awb-bg-size:cover;--awb-width-large:100%;--awb-margin-top-large:0px;--awb-spacing-right-large:1.92%;--awb-margin-bottom-large:20px;--awb-spacing-left-large:1.92%;--awb-width-medium:100%;--awb-spacing-right-medium:1.92%;--awb-spacing-left-medium:1.92%;--awb-width-small:100%;--awb-spacing-right-small:1.92%;--awb-spacing-left-small:1.92%;\"><div class=\"fusion-column-wrapper fusion-flex-justify-content-flex-start fusion-content-layout-column\"><div class=\"fusion-separator fusion-full-width-sep\" style=\"align-self: center;margin-left: auto;margin-right: auto;margin-top:20px;width:100%;\"><\/div><div class=\"fusion-title title fusion-title-1 fusion-sep-none fusion-title-center fusion-title-text fusion-title-size-one\" id=\"page-title\"><h1 class=\"fusion-title-heading title-heading-center fusion-responsive-typography-calculated\" style=\"margin:0;--fontSize:34;line-height:1.4;\">Nossa miss\u00e3o<\/h1><\/div><\/div><\/div><\/div><\/div><div class=\"fusion-fullwidth fullwidth-box fusion-builder-row-2 fusion-flex-container nonhundred-percent-fullwidth non-hundred-percent-height-scrolling\" style=\"--awb-border-radius-top-left:0px;--awb-border-radius-top-right:0px;--awb-border-radius-bottom-right:0px;--awb-border-radius-bottom-left:0px;--awb-flex-wrap:wrap;\" ><div class=\"fusion-builder-row fusion-row fusion-flex-align-items-flex-start fusion-flex-content-wrap\" style=\"max-width:1310.4px;margin-left: calc(-4% \/ 2 );margin-right: calc(-4% \/ 2 );\"><div class=\"fusion-layout-column fusion_builder_column fusion-builder-column-1 fusion_builder_column_1_1 1_1 fusion-flex-column\" style=\"--awb-bg-size:cover;--awb-width-large:100%;--awb-margin-top-large:0px;--awb-spacing-right-large:1.92%;--awb-margin-bottom-large:0px;--awb-spacing-left-large:1.92%;--awb-width-medium:100%;--awb-spacing-right-medium:1.92%;--awb-spacing-left-medium:1.92%;--awb-width-small:100%;--awb-spacing-right-small:1.92%;--awb-spacing-left-small:1.92%;\"><div class=\"fusion-column-wrapper fusion-flex-justify-content-flex-start fusion-content-layout-column\"><div class=\"fusion-separator fusion-full-width-sep\" style=\"align-self: center;margin-left: auto;margin-right: auto;margin-top:50px;width:100%;\"><\/div><div class=\"fusion-text fusion-text-1\"><p><strong>Um apelo \u00e0 coopera\u00e7\u00e3o entre todas as pessoas de boa vontade, quaisquer que sejam suas tradi\u00e7\u00f5es espirituais, para interceder pela cura do cora\u00e7\u00e3o humano, a cura do mundo.<\/strong><\/p>\n<p>Como podemos superar o mal ao nosso redor ? Como podemos afastar esta escurid\u00e3o que \u00e0s vezes se esconde em nossos pr\u00f3prios cora\u00e7\u00f5es e da qual muitas vezes estamos inconscientes ? Como podemos come\u00e7ar a nos tornar o bem que sonhamos ver estabelecido no mundo ? Como podemos parar de baixar nossas cabe\u00e7as e nos sentir impotentes diante do mal que est\u00e1 se espalhando, que est\u00e1 avan\u00e7ando para governar o mundo e destru\u00ed-lo ? H\u00e1 uma urg\u00eancia, n\u00e3o podemos mais fingir que tudo vai se resolver. Mas ent\u00e3o como podemos encontrar maneiras de implementar o que o Papa Francisco est\u00e1 nos propondo &#8211; e tamb\u00e9m o que os papas anteriores sempre propuseram como solu\u00e7\u00f5es ?<\/p>\n<p>Tudo o que \u00e9 belo e existe no vis\u00edvel \u00e9 primordialmente nascido no invis\u00edvel, na forma de uma id\u00e9ia, uma ora\u00e7\u00e3o, um sonho &#8230; Esta &#8220;Terceira Guerra Mundial por pequenos fins&#8221; que estamos vivendo hoje e da qual o Papa Francisco fala tamb\u00e9m nasce no invis\u00edvel antes de fazer esses estragos no mundo vis\u00edvel. N\u00f3s permitimos que uma civiliza\u00e7\u00e3o da morte substitu\u00edsse a busca por uma civiliza\u00e7\u00e3o do amor. Estamos claramente em uma guerra em um n\u00edvel espiritual e devemos encontrar maneiras de lidar com isso, com armas espirituais, as \u00fanicas que ser\u00e3o terrivelmente eficazes. Agora que o problema est\u00e1 no n\u00edvel global, precisamos ser criativos e encontrar maneiras de responder no n\u00edvel mundial global. Vamos acordar, vamos nos encontrar, vamos encontrar maneiras de nos reunir regularmente todos os homens e mulheres de boa vontade, independentemente das nossas tradi\u00e7\u00f5es religiosas! Sejamos mais fortes que o mal que deseja n\u00e3o apenas destruir a vida em nosso planeta, mas destruir o pr\u00f3prio planeta! Vamos retirar nossas trombetas de Jeric\u00f3 e incansavelmente nos reunir para derrubar as paredes erguidas pelo mal ! N\u00e3o tenhamos medo do outro, n\u00e3o tenhamos medo de buscar solu\u00e7\u00f5es juntos unindo nossos cora\u00e7\u00f5es em ora\u00e7\u00e3o, seja qual for sua express\u00e3o para n\u00f3s, intercedendo pela cura do cora\u00e7\u00e3o humano, a cura da humanidade! N\u00e3o tenhamos medo de buscar e compartilhar o amor pelo qual fomos criados e o qual \u00e9 o prop\u00f3sito de toda a exist\u00eancia !<\/p>\n<p>N\u00e3o nos esque\u00e7amos de que somos todos diferentes e respeitemos a dignidade da express\u00e3o religiosa de todos os habitantes do mundo! N\u00e3o h\u00e1 d\u00favida de que um movimento sincr\u00e9tico que proponha ter apenas uma religi\u00e3o mundial seria o oposto da abordagem desejada. O importante \u00e9 que todos partam em uma jornada pessoal para \u00ab\u00a0encontrar o amor de Deus\u00a0\u00bb porque esta jornada nos permite abrir nossos olhos e cora\u00e7\u00f5es e colocar em pr\u00e1tica solu\u00e7\u00f5es concretas, projetos em que todas as pessoas de boa vontade que se sentem chamadas a fazer isso trabalhar\u00e3o juntas.<\/p>\n<p>Devemos procurar alcan\u00e7ar a massa cr\u00edtica que ser\u00e1 necess\u00e1ria para mudar o equil\u00edbrio para o bem, para aniquilar para sempre o que destr\u00f3i a Vida em todas as suas formas. Este \u00e9 o nosso objetivo fundamental. Estamos convencidos de que isso \u00e9 poss\u00edvel, estamos conscientes da loucura e da dificuldade da empresa, mas tamb\u00e9m estamos conscientes de que, se n\u00e3o fizermos nada, n\u00e3o haver\u00e1 solu\u00e7\u00e3o que apare\u00e7a por si s\u00f3. As solu\u00e7\u00f5es s\u00f3 vir\u00e3o quando as pessoas, o maior n\u00famero de pessoas no planeta, finalmente perceberem que as \u00fanicas armas que derrotam as trevas que nos invadem s\u00e3o as armas espirituais; que essas armas espirituais est\u00e3o em suas m\u00e3os, em seus pr\u00f3prios cora\u00e7\u00f5es &#8230; e n\u00e3o nas m\u00e3os de l\u00edderes que prometem tudo, mas que s\u00e3o impotentes para encontrar solu\u00e7\u00f5es para qualquer coisa ou que, com muita frequ\u00eancia, prop\u00f5em iniciativas cada vez mais destrutivas.<\/p>\n<p>Respeitando profundamente a identidade religiosa de cada fiel no cora\u00e7\u00e3o de todas as religi\u00f5es do mundo, pedimos a voc\u00eas que construamos juntos um mundo onde a F\u00e9, a Esperan\u00e7a e a Caridade reine.<\/p>\n<p>Vamos nos unir de cora\u00e7\u00e3o, vamos nos unir espiritualmente ! Junte-se a n\u00f3s em um grupo existente! Ou inicie uma \u00ab Maranathon \u00bb com amigos e familiares em um centro espiritual perto de voc\u00ea !<\/p>\n<p>Vamos acordar, vamos nos comprometer !<\/p>\n<p><em>\u00ab\u00a0Por isso vos digo : Tudo quanto suplicardes e pedires, crede em ora\u00e7\u00e3o, crede que j\u00e1 o recebestes, e assim ser\u00e1 para v\u00f3s.\u00a0\u00bb Marcos 11,24<\/em><\/p>\n<p style=\"text-align: right;\"><em>Sabrina Covic Radojicic<\/em><\/p>\n<\/div><\/div><\/div><\/div><\/div><div class=\"fusion-fullwidth fullwidth-box fusion-builder-row-3 fusion-flex-container nonhundred-percent-fullwidth non-hundred-percent-height-scrolling\" style=\"--awb-border-radius-top-left:0px;--awb-border-radius-top-right:0px;--awb-border-radius-bottom-right:0px;--awb-border-radius-bottom-left:0px;--awb-flex-wrap:wrap;\" ><div class=\"fusion-builder-row fusion-row fusion-flex-align-items-flex-start fusion-flex-content-wrap\" style=\"max-width:1310.4px;margin-left: calc(-4% \/ 2 );margin-right: calc(-4% \/ 2 );\"><div class=\"fusion-layout-column fusion_builder_column fusion-builder-column-2 fusion_builder_column_1_1 1_1 fusion-flex-column\" style=\"--awb-bg-size:cover;--awb-width-large:100%;--awb-margin-top-large:0px;--awb-spacing-right-large:1.92%;--awb-margin-bottom-large:0px;--awb-spacing-left-large:1.92%;--awb-width-medium:100%;--awb-spacing-right-medium:1.92%;--awb-spacing-left-medium:1.92%;--awb-width-small:100%;--awb-spacing-right-small:1.92%;--awb-spacing-left-small:1.92%;\"><div class=\"fusion-column-wrapper fusion-flex-justify-content-flex-start fusion-content-layout-column\"><div class=\"fusion-content-boxes content-boxes columns row fusion-columns-3 fusion-columns-total-3 fusion-content-boxes-1 content-boxes-icon-on-top content-left\" style=\"--awb-iconcolor:#dca960;--awb-hover-accent-color:#dca960;--awb-circle-hover-accent-color:transparent;\" data-animationOffset=\"top-into-view\"><div style=\"--awb-backgroundcolor:rgba(255,255,255,0);--awb-iconcolor:#dca960;\" class=\"fusion-column content-box-column content-box-column content-box-column-1 col-lg-4 col-md-4 col-sm-4 fusion-content-box-hover content-box-column-first-in-row\"><div class=\"col content-box-wrapper content-wrapper link-area-box link-type-text icon-hover-animation-fade\" data-link=\"notre-mission\/\" data-link-target=\"_self\" data-animationOffset=\"top-into-view\"><div class=\"heading heading-with-icon icon-left\"><a class=\"heading-link\" href=\"notre-mission\/\" target=\"_self\"><div class=\"icon\"><i style=\"border-color:rgba(255,255,255,0);border-width:0px;background-color:rgba(255,255,255,0);box-sizing:content-box;height:72px;width:72px;line-height:72px;border-radius:50%;font-size:36px;\" aria-hidden=\"true\" class=\"fontawesome-icon fa-child fas circle-yes\"><\/i><\/div><h2 class=\"content-box-heading fusion-responsive-typography-calculated\" style=\"--h2_typography-font-size:24px;--fontSize:24;line-height:1.3;\">Notre mission<\/h2><\/a><\/div><\/div><\/div><div style=\"--awb-backgroundcolor:rgba(255,255,255,0);--awb-iconcolor:#dca960;\" class=\"fusion-column content-box-column content-box-column content-box-column-2 col-lg-4 col-md-4 col-sm-4 fusion-content-box-hover \"><div class=\"col content-box-wrapper content-wrapper link-area-box link-type-text icon-hover-animation-fade\" data-link=\"les-maranathons\" data-link-target=\"_self\" data-animationOffset=\"top-into-view\"><div class=\"heading heading-with-icon icon-left\"><a class=\"heading-link\" href=\"les-maranathons\" target=\"_self\"><div class=\"icon\"><i style=\"border-color:rgba(255,255,255,0);border-width:0px;background-color:rgba(255,255,255,0);box-sizing:content-box;height:72px;width:72px;line-height:72px;border-radius:50%;font-size:36px;\" aria-hidden=\"true\" class=\"fontawesome-icon fa-globe-americas fas circle-yes\"><\/i><\/div><h2 class=\"content-box-heading fusion-responsive-typography-calculated\" style=\"--h2_typography-font-size:24px;--fontSize:24;line-height:1.3;\">Maranathons<\/h2><\/a><\/div><\/div><\/div><div style=\"--awb-backgroundcolor:rgba(255,255,255,0);--awb-iconcolor:#dca960;\" class=\"fusion-column content-box-column content-box-column content-box-column-3 col-lg-4 col-md-4 col-sm-4 fusion-content-box-hover content-box-column-last content-box-column-last-in-row\"><div class=\"col content-box-wrapper content-wrapper link-area-box link-type-text icon-hover-animation-fade\" data-link=\"nous-soutenir\/\" data-link-target=\"_self\" data-animationOffset=\"top-into-view\"><div class=\"heading heading-with-icon icon-left\"><a class=\"heading-link\" href=\"nous-soutenir\/\" target=\"_self\"><div class=\"icon\"><i style=\"border-color:rgba(255,255,255,0);border-width:0px;background-color:rgba(255,255,255,0);box-sizing:content-box;height:72px;width:72px;line-height:72px;border-radius:50%;font-size:36px;\" aria-hidden=\"true\" class=\"fontawesome-icon fa-envira fab circle-yes\"><\/i><\/div><h2 class=\"content-box-heading fusion-responsive-typography-calculated\" style=\"--h2_typography-font-size:24px;--fontSize:24;line-height:1.3;\">Nous soutenir<\/h2><\/a><\/div><\/div><\/div><div class=\"fusion-clearfix\"><\/div><\/div><\/div><\/div><\/div><\/div>\n<div class=\"fusion-fullwidth fullwidth-box fusion-builder-row-4 fusion-flex-container nonhundred-percent-fullwidth non-hundred-percent-height-scrolling\" style=\"--awb-border-radius-top-left:0px;--awb-border-radius-top-right:0px;--awb-border-radius-bottom-right:0px;--awb-border-radius-bottom-left:0px;--awb-flex-wrap:wrap;\" ><\/div>\n<\/p>\n","protected":false},"excerpt":{"rendered":"","protected":false},"author":1,"featured_media":0,"parent":0,"menu_order":0,"comment_status":"closed","ping_status":"closed","template":"100-width.php","meta":{"_price":"","_stock":"","_tribe_ticket_header":"","_tribe_default_ticket_provider":"","_tribe_ticket_capacity":"0","_ticket_start_date":"","_ticket_end_date":"","_tribe_ticket_show_description":"","_tribe_ticket_show_not_going":false,"_tribe_ticket_use_global_stock":"","_tribe_ticket_global_stock_level":"","_global_stock_mode":"","_global_stock_cap":"","_tribe_rsvp_for_event":"","_tribe_ticket_going_count":"","_tribe_ticket_not_going_count":"","_tribe_tickets_list":"[]","_tribe_ticket_has_attendee_info_fields":false,"footnotes":""},"class_list":["post-9467","page","type-page","status-publish","hentry"],"_links":{"self":[{"href":"https:\/\/maranatha-conversion.com\/pt-pt\/wp-json\/wp\/v2\/pages\/9467","targetHints":{"allow":["GET"]}}],"collection":[{"href":"https:\/\/maranatha-conversion.com\/pt-pt\/wp-json\/wp\/v2\/pages"}],"about":[{"href":"https:\/\/maranatha-conversion.com\/pt-pt\/wp-json\/wp\/v2\/types\/page"}],"author":[{"embeddable":true,"href":"https:\/\/maranatha-conversion.com\/pt-pt\/wp-json\/wp\/v2\/users\/1"}],"replies":[{"embeddable":true,"href":"https:\/\/maranatha-conversion.com\/pt-pt\/wp-json\/wp\/v2\/comments?post=9467"}],"version-history":[{"count":2,"href":"https:\/\/maranatha-conversion.com\/pt-pt\/wp-json\/wp\/v2\/pages\/9467\/revisions"}],"predecessor-version":[{"id":9468,"href":"https:\/\/maranatha-conversion.com\/pt-pt\/wp-json\/wp\/v2\/pages\/9467\/revisions\/9468"}],"wp:attachment":[{"href":"https:\/\/maranatha-conversion.com\/pt-pt\/wp-json\/wp\/v2\/media?parent=9467"}],"curies":[{"name":"wp","href":"https:\/\/api.w.org\/{rel}","templated":true}]}}